{"id":2798,"date":"2025-12-01T03:46:01","date_gmt":"2025-12-01T03:46:01","guid":{"rendered":"https:\/\/fractaljuegos.com\/?post_type=product&#038;p=2798"},"modified":"2025-12-01T19:13:03","modified_gmt":"2025-12-01T19:13:03","slug":"next-station-tokyo","status":"publish","type":"product","link":"https:\/\/fractaljuegos.com\/en\/juegos\/next-station-tokyo\/","title":{"rendered":"Next station: Tokyo"},"content":{"rendered":"<p>\u00a1Ahora es la ciudad de Tokio la que te ha contratado para redise\u00f1ar sus L\u00edneas de Metro!<\/p>\n<p>El aumento del turismo plantea nuevos retos, por lo que es necesario hacer un redise\u00f1o total de la Red subterr\u00e1nea.<\/p>\n<p>\u00bfQui\u00e9n de ustedes har\u00e1 la mejor planificaci\u00f3n?<\/p>","protected":false},"excerpt":{"rendered":"<ul>\n<li>1 libreta con el Mapa de Tokio<\/li>\n<li>4 l\u00e1pices de colores diferentes: morado, azul, rosado y caf\u00e9.<\/li>\n<li>11 cartas de Estaci\u00f3n<\/li>\n<li>5 cartas de Objetivos Comunes<\/li>\n<li>8 cartas de Estaci\u00f3n Especial<\/li>\n<li>reglamento<\/li>\n<\/ul>","protected":false},"featured_media":3164,"comment_status":"open","ping_status":"closed","template":"","meta":{"_acf_changed":false},"product_brand":[],"product_cat":[15],"product_tag":[],"disponible-nodisponible":[],"cantidad_de_participantes":[64,63],"categorias-juegos":[42],"disponibilidad":[39],"mecanica":[109],"tamano_del_juego":[53],"tipo_de_jugador":[49],"class_list":{"0":"post-2798","1":"product","2":"type-product","3":"status-publish","4":"has-post-thumbnail","6":"product_cat-sin-categorizar","7":"cantidad_de_participantes-dos-participantes","8":"cantidad_de_participantes-solitario","9":"categorias-juegos-localizaciones","10":"disponibilidad-no-disponible","11":"mecanica-flip-and-write","12":"tamano_del_juego-de-morral","13":"tipo_de_jugador-todo-publico","15":"first","16":"instock","17":"shipping-taxable","18":"purchasable","19":"product-type-simple"},"acf":[],"_links":{"self":[{"href":"https:\/\/fractaljuegos.com\/en\/wp-json\/wp\/v2\/product\/2798","targetHints":{"allow":["GET"]}}],"collection":[{"href":"https:\/\/fractaljuegos.com\/en\/wp-json\/wp\/v2\/product"}],"about":[{"href":"https:\/\/fractaljuegos.com\/en\/wp-json\/wp\/v2\/types\/product"}],"replies":[{"embeddable":true,"href":"https:\/\/fractaljuegos.com\/en\/wp-json\/wp\/v2\/comments?post=2798"}],"version-history":[{"count":3,"href":"https:\/\/fractaljuegos.com\/en\/wp-json\/wp\/v2\/product\/2798\/revisions"}],"predecessor-version":[{"id":3168,"href":"https:\/\/fractaljuegos.com\/en\/wp-json\/wp\/v2\/product\/2798\/revisions\/3168"}],"wp:featuredmedia":[{"embeddable":true,"href":"https:\/\/fractaljuegos.com\/en\/wp-json\/wp\/v2\/media\/3164"}],"wp:attachment":[{"href":"https:\/\/fractaljuegos.com\/en\/wp-json\/wp\/v2\/media?parent=2798"}],"wp:term":[{"taxonomy":"product_brand","embeddable":true,"href":"https:\/\/fractaljuegos.com\/en\/wp-json\/wp\/v2\/product_brand?post=2798"},{"taxonomy":"product_cat","embeddable":true,"href":"https:\/\/fractaljuegos.com\/en\/wp-json\/wp\/v2\/product_cat?post=2798"},{"taxonomy":"product_tag","embeddable":true,"href":"https:\/\/fractaljuegos.com\/en\/wp-json\/wp\/v2\/product_tag?post=2798"},{"taxonomy":"disponible-nodisponible","embeddable":true,"href":"https:\/\/fractaljuegos.com\/en\/wp-json\/wp\/v2\/disponible-nodisponible?post=2798"},{"taxonomy":"cantidad_de_participantes","embeddable":true,"href":"https:\/\/fractaljuegos.com\/en\/wp-json\/wp\/v2\/cantidad_de_participantes?post=2798"},{"taxonomy":"categorias-juegos","embeddable":true,"href":"https:\/\/fractaljuegos.com\/en\/wp-json\/wp\/v2\/categorias-juegos?post=2798"},{"taxonomy":"disponibilidad","embeddable":true,"href":"https:\/\/fractaljuegos.com\/en\/wp-json\/wp\/v2\/disponibilidad?post=2798"},{"taxonomy":"mecanica","embeddable":true,"href":"https:\/\/fractaljuegos.com\/en\/wp-json\/wp\/v2\/mecanica?post=2798"},{"taxonomy":"tamano_del_juego","embeddable":true,"href":"https:\/\/fractaljuegos.com\/en\/wp-json\/wp\/v2\/tamano_del_juego?post=2798"},{"taxonomy":"tipo_de_jugador","embeddable":true,"href":"https:\/\/fractaljuegos.com\/en\/wp-json\/wp\/v2\/tipo_de_jugador?post=2798"}],"curies":[{"name":"wp","href":"https:\/\/api.w.org\/{rel}","templated":true}]}}