{"id":2796,"date":"2025-12-01T03:45:09","date_gmt":"2025-12-01T03:45:09","guid":{"rendered":"https:\/\/fractaljuegos.com\/?post_type=product&#038;p=2796"},"modified":"2025-12-01T19:14:50","modified_gmt":"2025-12-01T19:14:50","slug":"next-station-paris","status":"publish","type":"product","link":"https:\/\/fractaljuegos.com\/en\/juegos\/next-station-paris\/","title":{"rendered":"Next station: Paris"},"content":{"rendered":"<p>Convi\u00e9rtete en el mejor planificador de redes de metro que haya existido en Par\u00eds.<br \/>\nUtiliza los pasos elevados para conectar los monumentos m\u00e1s emblem\u00e1ticos de la capital mientras aprovechas los atajos del and\u00e9n central.<\/p>","protected":false},"excerpt":{"rendered":"<ul>\n<li>1 libreta con el Mapa de Paris<\/li>\n<li>4 l\u00e1pices de colores diferentes: naranja, verde,morado y azul.<\/li>\n<li>11 cartas de Estaci\u00f3n<\/li>\n<li>5 cartas de Objetivos Comunes<\/li>\n<li>8 cartas de Puertas de la Ciudad<\/li>\n<li>reglamento<\/li>\n<\/ul>","protected":false},"featured_media":2933,"comment_status":"open","ping_status":"closed","template":"","meta":{"_acf_changed":false},"product_brand":[],"product_cat":[15],"product_tag":[],"disponible-nodisponible":[],"cantidad_de_participantes":[64,63],"categorias-juegos":[42],"disponibilidad":[38],"mecanica":[109],"tamano_del_juego":[53],"tipo_de_jugador":[49],"class_list":{"0":"post-2796","1":"product","2":"type-product","3":"status-publish","4":"has-post-thumbnail","6":"product_cat-sin-categorizar","7":"cantidad_de_participantes-dos-participantes","8":"cantidad_de_participantes-solitario","9":"categorias-juegos-localizaciones","10":"disponibilidad-disponible","11":"mecanica-flip-and-write","12":"tamano_del_juego-de-morral","13":"tipo_de_jugador-todo-publico","15":"first","16":"instock","17":"shipping-taxable","18":"purchasable","19":"product-type-simple"},"acf":[],"_links":{"self":[{"href":"https:\/\/fractaljuegos.com\/en\/wp-json\/wp\/v2\/product\/2796","targetHints":{"allow":["GET"]}}],"collection":[{"href":"https:\/\/fractaljuegos.com\/en\/wp-json\/wp\/v2\/product"}],"about":[{"href":"https:\/\/fractaljuegos.com\/en\/wp-json\/wp\/v2\/types\/product"}],"replies":[{"embeddable":true,"href":"https:\/\/fractaljuegos.com\/en\/wp-json\/wp\/v2\/comments?post=2796"}],"version-history":[{"count":4,"href":"https:\/\/fractaljuegos.com\/en\/wp-json\/wp\/v2\/product\/2796\/revisions"}],"predecessor-version":[{"id":3171,"href":"https:\/\/fractaljuegos.com\/en\/wp-json\/wp\/v2\/product\/2796\/revisions\/3171"}],"wp:featuredmedia":[{"embeddable":true,"href":"https:\/\/fractaljuegos.com\/en\/wp-json\/wp\/v2\/media\/2933"}],"wp:attachment":[{"href":"https:\/\/fractaljuegos.com\/en\/wp-json\/wp\/v2\/media?parent=2796"}],"wp:term":[{"taxonomy":"product_brand","embeddable":true,"href":"https:\/\/fractaljuegos.com\/en\/wp-json\/wp\/v2\/product_brand?post=2796"},{"taxonomy":"product_cat","embeddable":true,"href":"https:\/\/fractaljuegos.com\/en\/wp-json\/wp\/v2\/product_cat?post=2796"},{"taxonomy":"product_tag","embeddable":true,"href":"https:\/\/fractaljuegos.com\/en\/wp-json\/wp\/v2\/product_tag?post=2796"},{"taxonomy":"disponible-nodisponible","embeddable":true,"href":"https:\/\/fractaljuegos.com\/en\/wp-json\/wp\/v2\/disponible-nodisponible?post=2796"},{"taxonomy":"cantidad_de_participantes","embeddable":true,"href":"https:\/\/fractaljuegos.com\/en\/wp-json\/wp\/v2\/cantidad_de_participantes?post=2796"},{"taxonomy":"categorias-juegos","embeddable":true,"href":"https:\/\/fractaljuegos.com\/en\/wp-json\/wp\/v2\/categorias-juegos?post=2796"},{"taxonomy":"disponibilidad","embeddable":true,"href":"https:\/\/fractaljuegos.com\/en\/wp-json\/wp\/v2\/disponibilidad?post=2796"},{"taxonomy":"mecanica","embeddable":true,"href":"https:\/\/fractaljuegos.com\/en\/wp-json\/wp\/v2\/mecanica?post=2796"},{"taxonomy":"tamano_del_juego","embeddable":true,"href":"https:\/\/fractaljuegos.com\/en\/wp-json\/wp\/v2\/tamano_del_juego?post=2796"},{"taxonomy":"tipo_de_jugador","embeddable":true,"href":"https:\/\/fractaljuegos.com\/en\/wp-json\/wp\/v2\/tipo_de_jugador?post=2796"}],"curies":[{"name":"wp","href":"https:\/\/api.w.org\/{rel}","templated":true}]}}