{"id":2791,"date":"2025-12-01T03:42:02","date_gmt":"2025-12-01T03:42:02","guid":{"rendered":"https:\/\/fractaljuegos.com\/?post_type=product&#038;p=2791"},"modified":"2026-03-03T15:53:34","modified_gmt":"2026-03-03T15:53:34","slug":"musa-despertares","status":"publish","type":"product","link":"https:\/\/fractaljuegos.com\/en\/juegos\/musa-despertares\/","title":{"rendered":"Musa: Despertares"},"content":{"rendered":"<p>Musa: Despertares es un juego independiente que puede ser jugado por si solo, o como una expansi\u00f3n para llevar la experiencia de Musa, el juego base, a nuevos horizontes.<\/p>\n<p>Lleva a tu equipo hacia la inspiraci\u00f3n usando enigm\u00e1ticas pistas y surrealistas im\u00e1genes en Musa: Despertares, un hermoso party game con 84 nuevas cartas de Obra Maestra, 22 nuevas cartas de Inspiraci\u00f3n, y un mejorado sistema de puntuaci\u00f3n que ofrece mayores recompensas por intentar adivinar pistas m\u00e1s dif\u00edciles.<\/p>\n<p>\u00a1Pon a prueba tu creatividad e intuici\u00f3n, escucha atentamente y deja que tu Musa te gu\u00ede hacia tu propia Obra Maestra!<\/p>","protected":false},"excerpt":{"rendered":"<ul>\n<li>84 Cartas de Obra Maestra<\/li>\n<li>50 Cartas de Inspiraci\u00f3n<\/li>\n<li>1 Reglamento<\/li>\n<\/ul>","protected":false},"featured_media":4373,"comment_status":"open","ping_status":"closed","template":"","meta":{"_acf_changed":false},"product_brand":[],"product_cat":[15],"product_tag":[],"disponible-nodisponible":[],"cantidad_de_participantes":[65],"categorias-juegos":[46,42],"disponibilidad":[39],"mecanica":[108],"tamano_del_juego":[53],"tipo_de_jugador":[49],"class_list":{"0":"post-2791","1":"product","2":"type-product","3":"status-publish","4":"has-post-thumbnail","6":"product_cat-sin-categorizar","7":"cantidad_de_participantes-grupos-grandes","8":"categorias-juegos-archivo","9":"categorias-juegos-localizaciones","10":"disponibilidad-no-disponible","11":"mecanica-party-game","12":"tamano_del_juego-de-morral","13":"tipo_de_jugador-todo-publico","15":"first","16":"instock","17":"shipping-taxable","18":"purchasable","19":"product-type-simple"},"acf":[],"_links":{"self":[{"href":"https:\/\/fractaljuegos.com\/en\/wp-json\/wp\/v2\/product\/2791","targetHints":{"allow":["GET"]}}],"collection":[{"href":"https:\/\/fractaljuegos.com\/en\/wp-json\/wp\/v2\/product"}],"about":[{"href":"https:\/\/fractaljuegos.com\/en\/wp-json\/wp\/v2\/types\/product"}],"replies":[{"embeddable":true,"href":"https:\/\/fractaljuegos.com\/en\/wp-json\/wp\/v2\/comments?post=2791"}],"version-history":[{"count":3,"href":"https:\/\/fractaljuegos.com\/en\/wp-json\/wp\/v2\/product\/2791\/revisions"}],"predecessor-version":[{"id":3178,"href":"https:\/\/fractaljuegos.com\/en\/wp-json\/wp\/v2\/product\/2791\/revisions\/3178"}],"wp:featuredmedia":[{"embeddable":true,"href":"https:\/\/fractaljuegos.com\/en\/wp-json\/wp\/v2\/media\/4373"}],"wp:attachment":[{"href":"https:\/\/fractaljuegos.com\/en\/wp-json\/wp\/v2\/media?parent=2791"}],"wp:term":[{"taxonomy":"product_brand","embeddable":true,"href":"https:\/\/fractaljuegos.com\/en\/wp-json\/wp\/v2\/product_brand?post=2791"},{"taxonomy":"product_cat","embeddable":true,"href":"https:\/\/fractaljuegos.com\/en\/wp-json\/wp\/v2\/product_cat?post=2791"},{"taxonomy":"product_tag","embeddable":true,"href":"https:\/\/fractaljuegos.com\/en\/wp-json\/wp\/v2\/product_tag?post=2791"},{"taxonomy":"disponible-nodisponible","embeddable":true,"href":"https:\/\/fractaljuegos.com\/en\/wp-json\/wp\/v2\/disponible-nodisponible?post=2791"},{"taxonomy":"cantidad_de_participantes","embeddable":true,"href":"https:\/\/fractaljuegos.com\/en\/wp-json\/wp\/v2\/cantidad_de_participantes?post=2791"},{"taxonomy":"categorias-juegos","embeddable":true,"href":"https:\/\/fractaljuegos.com\/en\/wp-json\/wp\/v2\/categorias-juegos?post=2791"},{"taxonomy":"disponibilidad","embeddable":true,"href":"https:\/\/fractaljuegos.com\/en\/wp-json\/wp\/v2\/disponibilidad?post=2791"},{"taxonomy":"mecanica","embeddable":true,"href":"https:\/\/fractaljuegos.com\/en\/wp-json\/wp\/v2\/mecanica?post=2791"},{"taxonomy":"tamano_del_juego","embeddable":true,"href":"https:\/\/fractaljuegos.com\/en\/wp-json\/wp\/v2\/tamano_del_juego?post=2791"},{"taxonomy":"tipo_de_jugador","embeddable":true,"href":"https:\/\/fractaljuegos.com\/en\/wp-json\/wp\/v2\/tipo_de_jugador?post=2791"}],"curies":[{"name":"wp","href":"https:\/\/api.w.org\/{rel}","templated":true}]}}