{"id":2788,"date":"2025-12-01T03:40:18","date_gmt":"2025-12-01T03:40:18","guid":{"rendered":"https:\/\/fractaljuegos.com\/?post_type=product&#038;p=2788"},"modified":"2025-12-12T15:57:39","modified_gmt":"2025-12-12T15:57:39","slug":"multiverse-money","status":"publish","type":"product","link":"https:\/\/fractaljuegos.com\/en\/juegos\/multiverse-money\/","title":{"rendered":"Multiverse money"},"content":{"rendered":"<p>\u00bfCu\u00e1les divisas se usan en el multiverso? Los enanos skaters, las ovejas modelos o la ropa interior tambi\u00e9n necesitan dinero. Las casas de cambio son lugares ca\u00f3ticos ya que se intercambian monedas de muchos pa\u00edses. \u00a1Imag\u00ednate una casa de cambio de distintas dimensiones!<\/p>\n<p>\u00a1Descubre la versi\u00f3n interdimensional de Money!, el cl\u00e1sico juego de comprar y vender dinero de Reiner Knizia!<\/p>\n<p>Recomendado al juego del a\u00f1o 1999.<\/p>","protected":false},"excerpt":{"rendered":"<ul>\n<li>74 cartas<\/li>\n<li>1 reglamento<\/li>\n<\/ul>","protected":false},"featured_media":3806,"comment_status":"open","ping_status":"closed","template":"","meta":{"_acf_changed":false},"product_brand":[],"product_cat":[15],"product_tag":[],"disponible-nodisponible":[],"cantidad_de_participantes":[],"categorias-juegos":[41],"disponibilidad":[38],"mecanica":[56],"tamano_del_juego":[51],"tipo_de_jugador":[49],"class_list":{"0":"post-2788","1":"product","2":"type-product","3":"status-publish","4":"has-post-thumbnail","6":"product_cat-sin-categorizar","7":"categorias-juegos-originales","8":"disponibilidad-disponible","9":"mecanica-manejo-de-mano","10":"tamano_del_juego-de-bolsillo","11":"tipo_de_jugador-todo-publico","13":"first","14":"instock","15":"shipping-taxable","16":"purchasable","17":"product-type-simple"},"acf":[],"_links":{"self":[{"href":"https:\/\/fractaljuegos.com\/en\/wp-json\/wp\/v2\/product\/2788","targetHints":{"allow":["GET"]}}],"collection":[{"href":"https:\/\/fractaljuegos.com\/en\/wp-json\/wp\/v2\/product"}],"about":[{"href":"https:\/\/fractaljuegos.com\/en\/wp-json\/wp\/v2\/types\/product"}],"replies":[{"embeddable":true,"href":"https:\/\/fractaljuegos.com\/en\/wp-json\/wp\/v2\/comments?post=2788"}],"version-history":[{"count":3,"href":"https:\/\/fractaljuegos.com\/en\/wp-json\/wp\/v2\/product\/2788\/revisions"}],"predecessor-version":[{"id":3185,"href":"https:\/\/fractaljuegos.com\/en\/wp-json\/wp\/v2\/product\/2788\/revisions\/3185"}],"wp:featuredmedia":[{"embeddable":true,"href":"https:\/\/fractaljuegos.com\/en\/wp-json\/wp\/v2\/media\/3806"}],"wp:attachment":[{"href":"https:\/\/fractaljuegos.com\/en\/wp-json\/wp\/v2\/media?parent=2788"}],"wp:term":[{"taxonomy":"product_brand","embeddable":true,"href":"https:\/\/fractaljuegos.com\/en\/wp-json\/wp\/v2\/product_brand?post=2788"},{"taxonomy":"product_cat","embeddable":true,"href":"https:\/\/fractaljuegos.com\/en\/wp-json\/wp\/v2\/product_cat?post=2788"},{"taxonomy":"product_tag","embeddable":true,"href":"https:\/\/fractaljuegos.com\/en\/wp-json\/wp\/v2\/product_tag?post=2788"},{"taxonomy":"disponible-nodisponible","embeddable":true,"href":"https:\/\/fractaljuegos.com\/en\/wp-json\/wp\/v2\/disponible-nodisponible?post=2788"},{"taxonomy":"cantidad_de_participantes","embeddable":true,"href":"https:\/\/fractaljuegos.com\/en\/wp-json\/wp\/v2\/cantidad_de_participantes?post=2788"},{"taxonomy":"categorias-juegos","embeddable":true,"href":"https:\/\/fractaljuegos.com\/en\/wp-json\/wp\/v2\/categorias-juegos?post=2788"},{"taxonomy":"disponibilidad","embeddable":true,"href":"https:\/\/fractaljuegos.com\/en\/wp-json\/wp\/v2\/disponibilidad?post=2788"},{"taxonomy":"mecanica","embeddable":true,"href":"https:\/\/fractaljuegos.com\/en\/wp-json\/wp\/v2\/mecanica?post=2788"},{"taxonomy":"tamano_del_juego","embeddable":true,"href":"https:\/\/fractaljuegos.com\/en\/wp-json\/wp\/v2\/tamano_del_juego?post=2788"},{"taxonomy":"tipo_de_jugador","embeddable":true,"href":"https:\/\/fractaljuegos.com\/en\/wp-json\/wp\/v2\/tipo_de_jugador?post=2788"}],"curies":[{"name":"wp","href":"https:\/\/api.w.org\/{rel}","templated":true}]}}