{"id":2785,"date":"2025-12-01T03:36:08","date_gmt":"2025-12-01T03:36:08","guid":{"rendered":"https:\/\/fractaljuegos.com\/?post_type=product&#038;p=2785"},"modified":"2026-03-03T16:09:24","modified_gmt":"2026-03-03T16:09:24","slug":"mono-gloton","status":"publish","type":"product","link":"https:\/\/fractaljuegos.com\/en\/juegos\/mono-gloton\/","title":{"rendered":"Mono glot\u00f3n"},"content":{"rendered":"<p>Hace mucho tiempo, un Mono Glot\u00f3n perdi\u00f3 en la selva su poroto de desayuno. Los animales de la selva le van a ayudar en su b\u00fasqueda.<\/p>\n<p>En Mono Glot\u00f3n tienes cartas de Animal en tu mano y otras bocabajo en una fila frente tuyo. Para ganar debes ser la primera persona en jugar todas sus cartas, primero las de su mano y luego las de tu fila.<\/p>","protected":false},"excerpt":{"rendered":"<ul>\n<li>72 cartas de animal<\/li>\n<li>1 carta de gatito malo<\/li>\n<li>22 cartas de poroto<\/li>\n<li>1 reglamento<\/li>\n<\/ul>","protected":false},"featured_media":4401,"comment_status":"open","ping_status":"closed","template":"","meta":{"_acf_changed":false},"product_brand":[],"product_cat":[15],"product_tag":[],"disponible-nodisponible":[],"cantidad_de_participantes":[64,65],"categorias-juegos":[42],"disponibilidad":[38],"mecanica":[102,56],"tamano_del_juego":[52],"tipo_de_jugador":[49],"class_list":{"0":"post-2785","1":"product","2":"type-product","3":"status-publish","4":"has-post-thumbnail","6":"product_cat-sin-categorizar","7":"cantidad_de_participantes-dos-participantes","8":"cantidad_de_participantes-grupos-grandes","9":"categorias-juegos-localizaciones","10":"disponibilidad-disponible","11":"mecanica-escalada","12":"mecanica-manejo-de-mano","13":"tamano_del_juego-de-cartera","14":"tipo_de_jugador-todo-publico","16":"first","17":"instock","18":"shipping-taxable","19":"purchasable","20":"product-type-simple"},"acf":[],"_links":{"self":[{"href":"https:\/\/fractaljuegos.com\/en\/wp-json\/wp\/v2\/product\/2785","targetHints":{"allow":["GET"]}}],"collection":[{"href":"https:\/\/fractaljuegos.com\/en\/wp-json\/wp\/v2\/product"}],"about":[{"href":"https:\/\/fractaljuegos.com\/en\/wp-json\/wp\/v2\/types\/product"}],"replies":[{"embeddable":true,"href":"https:\/\/fractaljuegos.com\/en\/wp-json\/wp\/v2\/comments?post=2785"}],"version-history":[{"count":3,"href":"https:\/\/fractaljuegos.com\/en\/wp-json\/wp\/v2\/product\/2785\/revisions"}],"predecessor-version":[{"id":3191,"href":"https:\/\/fractaljuegos.com\/en\/wp-json\/wp\/v2\/product\/2785\/revisions\/3191"}],"wp:featuredmedia":[{"embeddable":true,"href":"https:\/\/fractaljuegos.com\/en\/wp-json\/wp\/v2\/media\/4401"}],"wp:attachment":[{"href":"https:\/\/fractaljuegos.com\/en\/wp-json\/wp\/v2\/media?parent=2785"}],"wp:term":[{"taxonomy":"product_brand","embeddable":true,"href":"https:\/\/fractaljuegos.com\/en\/wp-json\/wp\/v2\/product_brand?post=2785"},{"taxonomy":"product_cat","embeddable":true,"href":"https:\/\/fractaljuegos.com\/en\/wp-json\/wp\/v2\/product_cat?post=2785"},{"taxonomy":"product_tag","embeddable":true,"href":"https:\/\/fractaljuegos.com\/en\/wp-json\/wp\/v2\/product_tag?post=2785"},{"taxonomy":"disponible-nodisponible","embeddable":true,"href":"https:\/\/fractaljuegos.com\/en\/wp-json\/wp\/v2\/disponible-nodisponible?post=2785"},{"taxonomy":"cantidad_de_participantes","embeddable":true,"href":"https:\/\/fractaljuegos.com\/en\/wp-json\/wp\/v2\/cantidad_de_participantes?post=2785"},{"taxonomy":"categorias-juegos","embeddable":true,"href":"https:\/\/fractaljuegos.com\/en\/wp-json\/wp\/v2\/categorias-juegos?post=2785"},{"taxonomy":"disponibilidad","embeddable":true,"href":"https:\/\/fractaljuegos.com\/en\/wp-json\/wp\/v2\/disponibilidad?post=2785"},{"taxonomy":"mecanica","embeddable":true,"href":"https:\/\/fractaljuegos.com\/en\/wp-json\/wp\/v2\/mecanica?post=2785"},{"taxonomy":"tamano_del_juego","embeddable":true,"href":"https:\/\/fractaljuegos.com\/en\/wp-json\/wp\/v2\/tamano_del_juego?post=2785"},{"taxonomy":"tipo_de_jugador","embeddable":true,"href":"https:\/\/fractaljuegos.com\/en\/wp-json\/wp\/v2\/tipo_de_jugador?post=2785"}],"curies":[{"name":"wp","href":"https:\/\/api.w.org\/{rel}","templated":true}]}}