{"id":2772,"date":"2025-12-01T03:27:36","date_gmt":"2025-12-01T03:27:36","guid":{"rendered":"https:\/\/fractaljuegos.com\/?post_type=product&#038;p=2772"},"modified":"2025-12-01T19:26:57","modified_gmt":"2025-12-01T19:26:57","slug":"link-city","status":"publish","type":"product","link":"https:\/\/fractaljuegos.com\/en\/juegos\/link-city\/","title":{"rendered":"Link city"},"content":{"rendered":"<p>Link City es un juego cooperativo donde el objetivo es construir una pr\u00f3spera ciudad en 6 rondas. En cada ronda, una persona diferente tomar\u00e1 el rol del alcalde.<br \/>\n\u00a1Tu misi\u00f3n ser\u00e1 expandir la ciudad! Pero\u2026\u00bfestar\u00e1 el resto de acuerdo con la visi\u00f3n del alcalde?<br \/>\nS\u00f3lo compartiendo una misma visi\u00f3n podr\u00e1n conectar la mayor cantidad de locaciones y crear una \u00fanica y peculiar ciudad que otorgu\u00e9 muchos puntos.<\/p>","protected":false},"excerpt":{"rendered":"<ul>\n<li>1 loseta de Municipio<\/li>\n<li>8 losetas de Sitio de Construcci\u00f3n<\/li>\n<li>6 losetas de Bonus<\/li>\n<li>1 pantalla de Municipio<\/li>\n<li>4 conos de Construcci\u00f3n<\/li>\n<li>57 losetas de Locaciones<\/li>\n<li>1 reglamento<\/li>\n<\/ul>","protected":false},"featured_media":3198,"comment_status":"open","ping_status":"closed","template":"","meta":{"_acf_changed":false},"product_brand":[],"product_cat":[15],"product_tag":[],"disponible-nodisponible":[],"cantidad_de_participantes":[65],"categorias-juegos":[42],"disponibilidad":[38],"mecanica":[58],"tamano_del_juego":[53],"tipo_de_jugador":[49],"class_list":{"0":"post-2772","1":"product","2":"type-product","3":"status-publish","4":"has-post-thumbnail","6":"product_cat-sin-categorizar","7":"cantidad_de_participantes-grupos-grandes","8":"categorias-juegos-localizaciones","9":"disponibilidad-disponible","10":"mecanica-cooperativo","11":"tamano_del_juego-de-morral","12":"tipo_de_jugador-todo-publico","14":"first","15":"instock","16":"shipping-taxable","17":"purchasable","18":"product-type-simple"},"acf":[],"_links":{"self":[{"href":"https:\/\/fractaljuegos.com\/en\/wp-json\/wp\/v2\/product\/2772","targetHints":{"allow":["GET"]}}],"collection":[{"href":"https:\/\/fractaljuegos.com\/en\/wp-json\/wp\/v2\/product"}],"about":[{"href":"https:\/\/fractaljuegos.com\/en\/wp-json\/wp\/v2\/types\/product"}],"replies":[{"embeddable":true,"href":"https:\/\/fractaljuegos.com\/en\/wp-json\/wp\/v2\/comments?post=2772"}],"version-history":[{"count":3,"href":"https:\/\/fractaljuegos.com\/en\/wp-json\/wp\/v2\/product\/2772\/revisions"}],"predecessor-version":[{"id":3201,"href":"https:\/\/fractaljuegos.com\/en\/wp-json\/wp\/v2\/product\/2772\/revisions\/3201"}],"wp:featuredmedia":[{"embeddable":true,"href":"https:\/\/fractaljuegos.com\/en\/wp-json\/wp\/v2\/media\/3198"}],"wp:attachment":[{"href":"https:\/\/fractaljuegos.com\/en\/wp-json\/wp\/v2\/media?parent=2772"}],"wp:term":[{"taxonomy":"product_brand","embeddable":true,"href":"https:\/\/fractaljuegos.com\/en\/wp-json\/wp\/v2\/product_brand?post=2772"},{"taxonomy":"product_cat","embeddable":true,"href":"https:\/\/fractaljuegos.com\/en\/wp-json\/wp\/v2\/product_cat?post=2772"},{"taxonomy":"product_tag","embeddable":true,"href":"https:\/\/fractaljuegos.com\/en\/wp-json\/wp\/v2\/product_tag?post=2772"},{"taxonomy":"disponible-nodisponible","embeddable":true,"href":"https:\/\/fractaljuegos.com\/en\/wp-json\/wp\/v2\/disponible-nodisponible?post=2772"},{"taxonomy":"cantidad_de_participantes","embeddable":true,"href":"https:\/\/fractaljuegos.com\/en\/wp-json\/wp\/v2\/cantidad_de_participantes?post=2772"},{"taxonomy":"categorias-juegos","embeddable":true,"href":"https:\/\/fractaljuegos.com\/en\/wp-json\/wp\/v2\/categorias-juegos?post=2772"},{"taxonomy":"disponibilidad","embeddable":true,"href":"https:\/\/fractaljuegos.com\/en\/wp-json\/wp\/v2\/disponibilidad?post=2772"},{"taxonomy":"mecanica","embeddable":true,"href":"https:\/\/fractaljuegos.com\/en\/wp-json\/wp\/v2\/mecanica?post=2772"},{"taxonomy":"tamano_del_juego","embeddable":true,"href":"https:\/\/fractaljuegos.com\/en\/wp-json\/wp\/v2\/tamano_del_juego?post=2772"},{"taxonomy":"tipo_de_jugador","embeddable":true,"href":"https:\/\/fractaljuegos.com\/en\/wp-json\/wp\/v2\/tipo_de_jugador?post=2772"}],"curies":[{"name":"wp","href":"https:\/\/api.w.org\/{rel}","templated":true}]}}