{"id":2770,"date":"2025-12-01T03:26:35","date_gmt":"2025-12-01T03:26:35","guid":{"rendered":"https:\/\/fractaljuegos.com\/?post_type=product&#038;p=2770"},"modified":"2025-12-01T19:29:03","modified_gmt":"2025-12-01T19:29:03","slug":"la-morada-maldita","status":"publish","type":"product","link":"https:\/\/fractaljuegos.com\/en\/juegos\/la-morada-maldita\/","title":{"rendered":"La morada maldita"},"content":{"rendered":"<p>\u00a1Hazte con todas las gemas!<\/p>\n<p>En sus viajes por todo el mundo, un anciano aventurero fue coleccionando numerosas gemas. Pero su favorita, sin duda, era una gran joya morada. Antes de morir, decidi\u00f3 legar todo su tesoro\u2026 \u00a1al pueblo!<\/p>\n<p>Como habitantes de la villa, deber\u00e1n ir corriendo a su morada para superar los retos y coger todas las gemas que puedan. Pero, \u00a1cuidado con la gran joya embrujada!, dicen que el que la toca quedar\u00e1 maldito\u2026<\/p>\n<p>La Morada Maldita es un fren\u00e9tico juego de agudeza visual en el que \u00absufrir\u00e1n\u00bb incre\u00edbles maldiciones y suceder\u00e1n extra\u00f1as situaciones que les har\u00e1n pasar un rato \u00a1de lo m\u00e1s divertido!<\/p>","protected":false},"excerpt":{"rendered":"<ul>\n<li>109 cartas<\/li>\n<li>65 fichas de gema<\/li>\n<li>1 joya morada maldita 3D<\/li>\n<li>Reglamento<\/li>\n<\/ul>","protected":false},"featured_media":3205,"comment_status":"open","ping_status":"closed","template":"","meta":{"_acf_changed":false},"product_brand":[],"product_cat":[15],"product_tag":[],"disponible-nodisponible":[],"cantidad_de_participantes":[65],"categorias-juegos":[42],"disponibilidad":[38],"mecanica":[108],"tamano_del_juego":[52],"tipo_de_jugador":[48,49],"class_list":{"0":"post-2770","1":"product","2":"type-product","3":"status-publish","4":"has-post-thumbnail","6":"product_cat-sin-categorizar","7":"cantidad_de_participantes-grupos-grandes","8":"categorias-juegos-localizaciones","9":"disponibilidad-disponible","10":"mecanica-party-game","11":"tamano_del_juego-de-cartera","12":"tipo_de_jugador-nino-a","13":"tipo_de_jugador-todo-publico","15":"first","16":"instock","17":"shipping-taxable","18":"purchasable","19":"product-type-simple"},"acf":[],"_links":{"self":[{"href":"https:\/\/fractaljuegos.com\/en\/wp-json\/wp\/v2\/product\/2770","targetHints":{"allow":["GET"]}}],"collection":[{"href":"https:\/\/fractaljuegos.com\/en\/wp-json\/wp\/v2\/product"}],"about":[{"href":"https:\/\/fractaljuegos.com\/en\/wp-json\/wp\/v2\/types\/product"}],"replies":[{"embeddable":true,"href":"https:\/\/fractaljuegos.com\/en\/wp-json\/wp\/v2\/comments?post=2770"}],"version-history":[{"count":3,"href":"https:\/\/fractaljuegos.com\/en\/wp-json\/wp\/v2\/product\/2770\/revisions"}],"predecessor-version":[{"id":3206,"href":"https:\/\/fractaljuegos.com\/en\/wp-json\/wp\/v2\/product\/2770\/revisions\/3206"}],"wp:featuredmedia":[{"embeddable":true,"href":"https:\/\/fractaljuegos.com\/en\/wp-json\/wp\/v2\/media\/3205"}],"wp:attachment":[{"href":"https:\/\/fractaljuegos.com\/en\/wp-json\/wp\/v2\/media?parent=2770"}],"wp:term":[{"taxonomy":"product_brand","embeddable":true,"href":"https:\/\/fractaljuegos.com\/en\/wp-json\/wp\/v2\/product_brand?post=2770"},{"taxonomy":"product_cat","embeddable":true,"href":"https:\/\/fractaljuegos.com\/en\/wp-json\/wp\/v2\/product_cat?post=2770"},{"taxonomy":"product_tag","embeddable":true,"href":"https:\/\/fractaljuegos.com\/en\/wp-json\/wp\/v2\/product_tag?post=2770"},{"taxonomy":"disponible-nodisponible","embeddable":true,"href":"https:\/\/fractaljuegos.com\/en\/wp-json\/wp\/v2\/disponible-nodisponible?post=2770"},{"taxonomy":"cantidad_de_participantes","embeddable":true,"href":"https:\/\/fractaljuegos.com\/en\/wp-json\/wp\/v2\/cantidad_de_participantes?post=2770"},{"taxonomy":"categorias-juegos","embeddable":true,"href":"https:\/\/fractaljuegos.com\/en\/wp-json\/wp\/v2\/categorias-juegos?post=2770"},{"taxonomy":"disponibilidad","embeddable":true,"href":"https:\/\/fractaljuegos.com\/en\/wp-json\/wp\/v2\/disponibilidad?post=2770"},{"taxonomy":"mecanica","embeddable":true,"href":"https:\/\/fractaljuegos.com\/en\/wp-json\/wp\/v2\/mecanica?post=2770"},{"taxonomy":"tamano_del_juego","embeddable":true,"href":"https:\/\/fractaljuegos.com\/en\/wp-json\/wp\/v2\/tamano_del_juego?post=2770"},{"taxonomy":"tipo_de_jugador","embeddable":true,"href":"https:\/\/fractaljuegos.com\/en\/wp-json\/wp\/v2\/tipo_de_jugador?post=2770"}],"curies":[{"name":"wp","href":"https:\/\/api.w.org\/{rel}","templated":true}]}}