{"id":2766,"date":"2025-12-01T03:24:03","date_gmt":"2025-12-01T03:24:03","guid":{"rendered":"https:\/\/fractaljuegos.com\/?post_type=product&#038;p=2766"},"modified":"2025-12-01T19:41:18","modified_gmt":"2025-12-01T19:41:18","slug":"la-feria-de-las-pulgas-de-titirilquen","status":"publish","type":"product","link":"https:\/\/fractaljuegos.com\/en\/juegos\/la-feria-de-las-pulgas-de-titirilquen\/","title":{"rendered":"La feria de las pulgas de Titirilqu\u00e9n"},"content":{"rendered":"<p>El pueblo de Titirilqu\u00e9n est\u00e1 emocionado: ha comenzado la feria de las pulgas de la ciudad. En distintos puestos se ofrecen las chucher\u00edas m\u00e1s llamativas. Para ganar deber\u00e1s ser el m\u00e1s veloz y juntar todas las chucher\u00edas de un tipo antes que el resto.<\/p>\n<p>\u00a1Descubre esta fren\u00e9tica reimplementaci\u00f3n del cl\u00e1sico Pit, un juego sin turnos y con muchos gritos!<\/p>\n<p>Juego basado en el exitoso programa de tv 31 Minutos.<\/p>","protected":false},"excerpt":{"rendered":"<ul>\n<li>90 cartas<\/li>\n<li>1 campana<\/li>\n<li>1 reglamento<\/li>\n<\/ul>","protected":false},"featured_media":3228,"comment_status":"open","ping_status":"closed","template":"","meta":{"_acf_changed":false},"product_brand":[],"product_cat":[15],"product_tag":[],"disponible-nodisponible":[],"cantidad_de_participantes":[65],"categorias-juegos":[44],"disponibilidad":[38],"mecanica":[104],"tamano_del_juego":[52],"tipo_de_jugador":[48,49],"class_list":{"0":"post-2766","1":"product","2":"type-product","3":"status-publish","4":"has-post-thumbnail","6":"product_cat-sin-categorizar","7":"cantidad_de_participantes-grupos-grandes","8":"categorias-juegos-licencias","9":"disponibilidad-disponible","10":"mecanica-coleccion-de-sets","11":"tamano_del_juego-de-cartera","12":"tipo_de_jugador-nino-a","13":"tipo_de_jugador-todo-publico","15":"first","16":"instock","17":"shipping-taxable","18":"purchasable","19":"product-type-simple"},"acf":[],"_links":{"self":[{"href":"https:\/\/fractaljuegos.com\/en\/wp-json\/wp\/v2\/product\/2766","targetHints":{"allow":["GET"]}}],"collection":[{"href":"https:\/\/fractaljuegos.com\/en\/wp-json\/wp\/v2\/product"}],"about":[{"href":"https:\/\/fractaljuegos.com\/en\/wp-json\/wp\/v2\/types\/product"}],"replies":[{"embeddable":true,"href":"https:\/\/fractaljuegos.com\/en\/wp-json\/wp\/v2\/comments?post=2766"}],"version-history":[{"count":3,"href":"https:\/\/fractaljuegos.com\/en\/wp-json\/wp\/v2\/product\/2766\/revisions"}],"predecessor-version":[{"id":3234,"href":"https:\/\/fractaljuegos.com\/en\/wp-json\/wp\/v2\/product\/2766\/revisions\/3234"}],"wp:featuredmedia":[{"embeddable":true,"href":"https:\/\/fractaljuegos.com\/en\/wp-json\/wp\/v2\/media\/3228"}],"wp:attachment":[{"href":"https:\/\/fractaljuegos.com\/en\/wp-json\/wp\/v2\/media?parent=2766"}],"wp:term":[{"taxonomy":"product_brand","embeddable":true,"href":"https:\/\/fractaljuegos.com\/en\/wp-json\/wp\/v2\/product_brand?post=2766"},{"taxonomy":"product_cat","embeddable":true,"href":"https:\/\/fractaljuegos.com\/en\/wp-json\/wp\/v2\/product_cat?post=2766"},{"taxonomy":"product_tag","embeddable":true,"href":"https:\/\/fractaljuegos.com\/en\/wp-json\/wp\/v2\/product_tag?post=2766"},{"taxonomy":"disponible-nodisponible","embeddable":true,"href":"https:\/\/fractaljuegos.com\/en\/wp-json\/wp\/v2\/disponible-nodisponible?post=2766"},{"taxonomy":"cantidad_de_participantes","embeddable":true,"href":"https:\/\/fractaljuegos.com\/en\/wp-json\/wp\/v2\/cantidad_de_participantes?post=2766"},{"taxonomy":"categorias-juegos","embeddable":true,"href":"https:\/\/fractaljuegos.com\/en\/wp-json\/wp\/v2\/categorias-juegos?post=2766"},{"taxonomy":"disponibilidad","embeddable":true,"href":"https:\/\/fractaljuegos.com\/en\/wp-json\/wp\/v2\/disponibilidad?post=2766"},{"taxonomy":"mecanica","embeddable":true,"href":"https:\/\/fractaljuegos.com\/en\/wp-json\/wp\/v2\/mecanica?post=2766"},{"taxonomy":"tamano_del_juego","embeddable":true,"href":"https:\/\/fractaljuegos.com\/en\/wp-json\/wp\/v2\/tamano_del_juego?post=2766"},{"taxonomy":"tipo_de_jugador","embeddable":true,"href":"https:\/\/fractaljuegos.com\/en\/wp-json\/wp\/v2\/tipo_de_jugador?post=2766"}],"curies":[{"name":"wp","href":"https:\/\/api.w.org\/{rel}","templated":true}]}}