{"id":2760,"date":"2025-12-01T03:18:48","date_gmt":"2025-12-01T03:18:48","guid":{"rendered":"https:\/\/fractaljuegos.com\/?post_type=product&#038;p=2760"},"modified":"2025-12-12T15:57:19","modified_gmt":"2025-12-12T15:57:19","slug":"kitten-box","status":"publish","type":"product","link":"https:\/\/fractaljuegos.com\/en\/juegos\/kitten-box\/","title":{"rendered":"Kitten box"},"content":{"rendered":"<p>\u00a1Lleg\u00f3 la hora de dormir! Prep\u00e1rate para una noche de locura en el mejor hotel de gatitos.<br \/>\nAct\u00faa r\u00e1pido para lograr colocar a los 9 gatitos en el orden correcto. Ordena tus fichas de gatito para que calcen con la carta de objetivo. \u00a1Pero cuidado! La rapidez es clave.<\/p>\n<p>\u00a1Con solo 10 segundos de explicaci\u00f3n, tendr\u00e1s diversi\u00f3n sin fin!<\/p>","protected":false},"excerpt":{"rendered":"<ul>\n<li>36 fichas de gatito<\/li>\n<li>30 cartas de objetivo<\/li>\n<li>1 campana<\/li>\n<li>1 reglamento<\/li>\n<\/ul>","protected":false},"featured_media":3805,"comment_status":"open","ping_status":"closed","template":"","meta":{"_acf_changed":false},"product_brand":[],"product_cat":[15],"product_tag":[],"disponible-nodisponible":[],"cantidad_de_participantes":[64],"categorias-juegos":[42],"disponibilidad":[38],"mecanica":[108],"tamano_del_juego":[53],"tipo_de_jugador":[48,49],"class_list":{"0":"post-2760","1":"product","2":"type-product","3":"status-publish","4":"has-post-thumbnail","6":"product_cat-sin-categorizar","7":"cantidad_de_participantes-dos-participantes","8":"categorias-juegos-localizaciones","9":"disponibilidad-disponible","10":"mecanica-party-game","11":"tamano_del_juego-de-morral","12":"tipo_de_jugador-nino-a","13":"tipo_de_jugador-todo-publico","15":"first","16":"instock","17":"shipping-taxable","18":"purchasable","19":"product-type-simple"},"acf":[],"_links":{"self":[{"href":"https:\/\/fractaljuegos.com\/en\/wp-json\/wp\/v2\/product\/2760","targetHints":{"allow":["GET"]}}],"collection":[{"href":"https:\/\/fractaljuegos.com\/en\/wp-json\/wp\/v2\/product"}],"about":[{"href":"https:\/\/fractaljuegos.com\/en\/wp-json\/wp\/v2\/types\/product"}],"replies":[{"embeddable":true,"href":"https:\/\/fractaljuegos.com\/en\/wp-json\/wp\/v2\/comments?post=2760"}],"version-history":[{"count":3,"href":"https:\/\/fractaljuegos.com\/en\/wp-json\/wp\/v2\/product\/2760\/revisions"}],"predecessor-version":[{"id":3811,"href":"https:\/\/fractaljuegos.com\/en\/wp-json\/wp\/v2\/product\/2760\/revisions\/3811"}],"wp:featuredmedia":[{"embeddable":true,"href":"https:\/\/fractaljuegos.com\/en\/wp-json\/wp\/v2\/media\/3805"}],"wp:attachment":[{"href":"https:\/\/fractaljuegos.com\/en\/wp-json\/wp\/v2\/media?parent=2760"}],"wp:term":[{"taxonomy":"product_brand","embeddable":true,"href":"https:\/\/fractaljuegos.com\/en\/wp-json\/wp\/v2\/product_brand?post=2760"},{"taxonomy":"product_cat","embeddable":true,"href":"https:\/\/fractaljuegos.com\/en\/wp-json\/wp\/v2\/product_cat?post=2760"},{"taxonomy":"product_tag","embeddable":true,"href":"https:\/\/fractaljuegos.com\/en\/wp-json\/wp\/v2\/product_tag?post=2760"},{"taxonomy":"disponible-nodisponible","embeddable":true,"href":"https:\/\/fractaljuegos.com\/en\/wp-json\/wp\/v2\/disponible-nodisponible?post=2760"},{"taxonomy":"cantidad_de_participantes","embeddable":true,"href":"https:\/\/fractaljuegos.com\/en\/wp-json\/wp\/v2\/cantidad_de_participantes?post=2760"},{"taxonomy":"categorias-juegos","embeddable":true,"href":"https:\/\/fractaljuegos.com\/en\/wp-json\/wp\/v2\/categorias-juegos?post=2760"},{"taxonomy":"disponibilidad","embeddable":true,"href":"https:\/\/fractaljuegos.com\/en\/wp-json\/wp\/v2\/disponibilidad?post=2760"},{"taxonomy":"mecanica","embeddable":true,"href":"https:\/\/fractaljuegos.com\/en\/wp-json\/wp\/v2\/mecanica?post=2760"},{"taxonomy":"tamano_del_juego","embeddable":true,"href":"https:\/\/fractaljuegos.com\/en\/wp-json\/wp\/v2\/tamano_del_juego?post=2760"},{"taxonomy":"tipo_de_jugador","embeddable":true,"href":"https:\/\/fractaljuegos.com\/en\/wp-json\/wp\/v2\/tipo_de_jugador?post=2760"}],"curies":[{"name":"wp","href":"https:\/\/api.w.org\/{rel}","templated":true}]}}