{"id":2757,"date":"2025-12-01T03:17:36","date_gmt":"2025-12-01T03:17:36","guid":{"rendered":"https:\/\/fractaljuegos.com\/?post_type=product&#038;p=2757"},"modified":"2026-03-03T15:51:01","modified_gmt":"2026-03-03T15:51:01","slug":"kienpake","status":"publish","type":"product","link":"https:\/\/fractaljuegos.com\/en\/juegos\/kienpake\/","title":{"rendered":"Ki\u00e9npak\u00e9"},"content":{"rendered":"<p>Han llegado al mundo de los Zigotos: \u00a1Estas criaturas \u00fanicas y extravagantes est\u00e1n listas para hacer<br \/>\ncualquier cosa para responder todas las preguntas que nunca te habr\u00edas atrevido a hacer! Para cada pregunta que se formule, debes votar en secreto por el Zigoto que creas que mejor se corresponde con la<br \/>\npregunta. Si hay una mayor\u00eda absoluta de votos en un Zigoto, \u00e9ste ser\u00e1 elegido y competir\u00e1 en la elecci\u00f3n<br \/>\nfinal del Zuper-Zigoto.<\/p>\n<p>\u00bfPodr\u00e1n conectarse lo suficiente como para elegir el Zuper-Zigoto en este apasionante juego colaborativo?<\/p>","protected":false},"excerpt":{"rendered":"<ul>\n<li>70 cartas de Zigoto<\/li>\n<li>46 cartas de pregunta<\/li>\n<li>48 fichas de votaci\u00f3n<\/li>\n<li>6 fichas de Zigoto<\/li>\n<li>8 fichas de conexi\u00f3n<\/li>\n<li>1 reglamento<\/li>\n<\/ul>","protected":false},"featured_media":4363,"comment_status":"open","ping_status":"closed","template":"","meta":{"_acf_changed":false},"product_brand":[],"product_cat":[15],"product_tag":[],"disponible-nodisponible":[],"cantidad_de_participantes":[65],"categorias-juegos":[42],"disponibilidad":[38],"mecanica":[58],"tamano_del_juego":[53],"tipo_de_jugador":[48,49],"class_list":{"0":"post-2757","1":"product","2":"type-product","3":"status-publish","4":"has-post-thumbnail","6":"product_cat-sin-categorizar","7":"cantidad_de_participantes-grupos-grandes","8":"categorias-juegos-localizaciones","9":"disponibilidad-disponible","10":"mecanica-cooperativo","11":"tamano_del_juego-de-morral","12":"tipo_de_jugador-nino-a","13":"tipo_de_jugador-todo-publico","15":"first","16":"instock","17":"shipping-taxable","18":"purchasable","19":"product-type-simple"},"acf":[],"_links":{"self":[{"href":"https:\/\/fractaljuegos.com\/en\/wp-json\/wp\/v2\/product\/2757","targetHints":{"allow":["GET"]}}],"collection":[{"href":"https:\/\/fractaljuegos.com\/en\/wp-json\/wp\/v2\/product"}],"about":[{"href":"https:\/\/fractaljuegos.com\/en\/wp-json\/wp\/v2\/types\/product"}],"replies":[{"embeddable":true,"href":"https:\/\/fractaljuegos.com\/en\/wp-json\/wp\/v2\/comments?post=2757"}],"version-history":[{"count":3,"href":"https:\/\/fractaljuegos.com\/en\/wp-json\/wp\/v2\/product\/2757\/revisions"}],"predecessor-version":[{"id":3244,"href":"https:\/\/fractaljuegos.com\/en\/wp-json\/wp\/v2\/product\/2757\/revisions\/3244"}],"wp:featuredmedia":[{"embeddable":true,"href":"https:\/\/fractaljuegos.com\/en\/wp-json\/wp\/v2\/media\/4363"}],"wp:attachment":[{"href":"https:\/\/fractaljuegos.com\/en\/wp-json\/wp\/v2\/media?parent=2757"}],"wp:term":[{"taxonomy":"product_brand","embeddable":true,"href":"https:\/\/fractaljuegos.com\/en\/wp-json\/wp\/v2\/product_brand?post=2757"},{"taxonomy":"product_cat","embeddable":true,"href":"https:\/\/fractaljuegos.com\/en\/wp-json\/wp\/v2\/product_cat?post=2757"},{"taxonomy":"product_tag","embeddable":true,"href":"https:\/\/fractaljuegos.com\/en\/wp-json\/wp\/v2\/product_tag?post=2757"},{"taxonomy":"disponible-nodisponible","embeddable":true,"href":"https:\/\/fractaljuegos.com\/en\/wp-json\/wp\/v2\/disponible-nodisponible?post=2757"},{"taxonomy":"cantidad_de_participantes","embeddable":true,"href":"https:\/\/fractaljuegos.com\/en\/wp-json\/wp\/v2\/cantidad_de_participantes?post=2757"},{"taxonomy":"categorias-juegos","embeddable":true,"href":"https:\/\/fractaljuegos.com\/en\/wp-json\/wp\/v2\/categorias-juegos?post=2757"},{"taxonomy":"disponibilidad","embeddable":true,"href":"https:\/\/fractaljuegos.com\/en\/wp-json\/wp\/v2\/disponibilidad?post=2757"},{"taxonomy":"mecanica","embeddable":true,"href":"https:\/\/fractaljuegos.com\/en\/wp-json\/wp\/v2\/mecanica?post=2757"},{"taxonomy":"tamano_del_juego","embeddable":true,"href":"https:\/\/fractaljuegos.com\/en\/wp-json\/wp\/v2\/tamano_del_juego?post=2757"},{"taxonomy":"tipo_de_jugador","embeddable":true,"href":"https:\/\/fractaljuegos.com\/en\/wp-json\/wp\/v2\/tipo_de_jugador?post=2757"}],"curies":[{"name":"wp","href":"https:\/\/api.w.org\/{rel}","templated":true}]}}