{"id":2750,"date":"2025-12-01T03:12:13","date_gmt":"2025-12-01T03:12:13","guid":{"rendered":"https:\/\/fractaljuegos.com\/?post_type=product&#038;p=2750"},"modified":"2025-12-12T15:56:58","modified_gmt":"2025-12-12T15:56:58","slug":"grua-de-peluches","status":"publish","type":"product","link":"https:\/\/fractaljuegos.com\/en\/juegos\/grua-de-peluches\/","title":{"rendered":"Gr\u00faa de peluches"},"content":{"rendered":"<p>\u00a1Las m\u00e1quinas de peluches son un \u00e9xito! Los vecinos del barrio quieren demostrar que son los mejores capturando las m\u00e1s bellas colecciones de peluches.<\/p>\n<p>En tu turno, deber\u00e1s manipular la m\u00e1quina de peluches para obtener sus mejores ejemplares y, de paso, dificultarle el trabajo al resto de participantes. Deber\u00e1s gastar y recargar cuidadosamente tus flechas para mover la garra de la m\u00e1quina. En su turno, cada participante conseguir\u00e1 m\u00e1s peluches de la m\u00e1quina a su colecci\u00f3n, los cuales le otorgar\u00e1n puntos de diversas formas al final de partida.<\/p>\n<p>JUEGO GANADOR DEL CONCURSO LL\u00c9VALO A LA MESA: JUEGO DE CARTAS 2022<\/p>","protected":false},"excerpt":{"rendered":"<ul>\n<li>8 cartas de Elecci\u00f3n<\/li>\n<li>63 cartas de Peluches<\/li>\n<li>4 set de controles<\/li>\n<li>1 ficha de Garra<\/li>\n<li>1 libreta de puntuaci\u00f3n<\/li>\n<li>1 reglamento<\/li>\n<\/ul>","protected":false},"featured_media":3804,"comment_status":"open","ping_status":"closed","template":"","meta":{"_acf_changed":false},"product_brand":[],"product_cat":[15],"product_tag":[],"disponible-nodisponible":[],"cantidad_de_participantes":[64],"categorias-juegos":[41],"disponibilidad":[38],"mecanica":[104],"tamano_del_juego":[52],"tipo_de_jugador":[49],"class_list":{"0":"post-2750","1":"product","2":"type-product","3":"status-publish","4":"has-post-thumbnail","6":"product_cat-sin-categorizar","7":"cantidad_de_participantes-dos-participantes","8":"categorias-juegos-originales","9":"disponibilidad-disponible","10":"mecanica-coleccion-de-sets","11":"tamano_del_juego-de-cartera","12":"tipo_de_jugador-todo-publico","14":"first","15":"instock","16":"shipping-taxable","17":"purchasable","18":"product-type-simple"},"acf":[],"_links":{"self":[{"href":"https:\/\/fractaljuegos.com\/en\/wp-json\/wp\/v2\/product\/2750","targetHints":{"allow":["GET"]}}],"collection":[{"href":"https:\/\/fractaljuegos.com\/en\/wp-json\/wp\/v2\/product"}],"about":[{"href":"https:\/\/fractaljuegos.com\/en\/wp-json\/wp\/v2\/types\/product"}],"replies":[{"embeddable":true,"href":"https:\/\/fractaljuegos.com\/en\/wp-json\/wp\/v2\/comments?post=2750"}],"version-history":[{"count":3,"href":"https:\/\/fractaljuegos.com\/en\/wp-json\/wp\/v2\/product\/2750\/revisions"}],"predecessor-version":[{"id":3254,"href":"https:\/\/fractaljuegos.com\/en\/wp-json\/wp\/v2\/product\/2750\/revisions\/3254"}],"wp:featuredmedia":[{"embeddable":true,"href":"https:\/\/fractaljuegos.com\/en\/wp-json\/wp\/v2\/media\/3804"}],"wp:attachment":[{"href":"https:\/\/fractaljuegos.com\/en\/wp-json\/wp\/v2\/media?parent=2750"}],"wp:term":[{"taxonomy":"product_brand","embeddable":true,"href":"https:\/\/fractaljuegos.com\/en\/wp-json\/wp\/v2\/product_brand?post=2750"},{"taxonomy":"product_cat","embeddable":true,"href":"https:\/\/fractaljuegos.com\/en\/wp-json\/wp\/v2\/product_cat?post=2750"},{"taxonomy":"product_tag","embeddable":true,"href":"https:\/\/fractaljuegos.com\/en\/wp-json\/wp\/v2\/product_tag?post=2750"},{"taxonomy":"disponible-nodisponible","embeddable":true,"href":"https:\/\/fractaljuegos.com\/en\/wp-json\/wp\/v2\/disponible-nodisponible?post=2750"},{"taxonomy":"cantidad_de_participantes","embeddable":true,"href":"https:\/\/fractaljuegos.com\/en\/wp-json\/wp\/v2\/cantidad_de_participantes?post=2750"},{"taxonomy":"categorias-juegos","embeddable":true,"href":"https:\/\/fractaljuegos.com\/en\/wp-json\/wp\/v2\/categorias-juegos?post=2750"},{"taxonomy":"disponibilidad","embeddable":true,"href":"https:\/\/fractaljuegos.com\/en\/wp-json\/wp\/v2\/disponibilidad?post=2750"},{"taxonomy":"mecanica","embeddable":true,"href":"https:\/\/fractaljuegos.com\/en\/wp-json\/wp\/v2\/mecanica?post=2750"},{"taxonomy":"tamano_del_juego","embeddable":true,"href":"https:\/\/fractaljuegos.com\/en\/wp-json\/wp\/v2\/tamano_del_juego?post=2750"},{"taxonomy":"tipo_de_jugador","embeddable":true,"href":"https:\/\/fractaljuegos.com\/en\/wp-json\/wp\/v2\/tipo_de_jugador?post=2750"}],"curies":[{"name":"wp","href":"https:\/\/api.w.org\/{rel}","templated":true}]}}