{"id":2746,"date":"2025-12-01T03:10:06","date_gmt":"2025-12-01T03:10:06","guid":{"rendered":"https:\/\/fractaljuegos.com\/?post_type=product&#038;p=2746"},"modified":"2025-12-12T15:33:09","modified_gmt":"2025-12-12T15:33:09","slug":"formula-31","status":"publish","type":"product","link":"https:\/\/fractaljuegos.com\/en\/juegos\/formula-31\/","title":{"rendered":"F\u00f3rmula 31"},"content":{"rendered":"<p>\u00a1Bienvenidos a Formula 31, la carrera m\u00e1s alocada de Titirilqu\u00e9n! Aqu\u00ed no va a ganar quien llegue primero a la meta, sino quien coleccione m\u00e1s regalos de navidad. Los pilotos se lanzan por las ca\u00f3ticas calles en una competencia llena de sorpresas y giros inesperados. Cada lanzamiento de dados podr\u00eda acercarte a la victoria\u2026 o hacer que pierdas todo lo que hab\u00edas logrado. \u00a1El riesgo est\u00e1 en cada curva y la suerte juega un papel crucial! \u00bfSer\u00e1s lo suficientemente valiente para pasar sobre tus rivales y obtener los preciados regalos de navidad? \u00a1Escoge tu personaje, prende el motor de tu auto y prep\u00e1rate para la emoci\u00f3n de F\u00f3rmula 31!<\/p>\n<p>RECOMENDADO AL SPIEL DES JAHRES 1990<\/p>","protected":false},"excerpt":{"rendered":"<ul>\n<li>1 Tablero de Titirilqu\u00e9n<\/li>\n<li>7 fichas de auto<\/li>\n<li>7 cartas de personajes<\/li>\n<li>24 cartas de regalo con n\u00fameros del 1 al 6<\/li>\n<li>3 dados<\/li>\n<li>1 reglamento<\/li>\n<\/ul>","protected":false},"featured_media":3771,"comment_status":"open","ping_status":"closed","template":"","meta":{"_acf_changed":false},"product_brand":[],"product_cat":[15],"product_tag":[],"disponible-nodisponible":[],"cantidad_de_participantes":[64,65],"categorias-juegos":[44,43],"disponibilidad":[38],"mecanica":[96,62],"tamano_del_juego":[53],"tipo_de_jugador":[49],"class_list":{"0":"post-2746","1":"product","2":"type-product","3":"status-publish","4":"has-post-thumbnail","6":"product_cat-sin-categorizar","7":"cantidad_de_participantes-dos-participantes","8":"cantidad_de_participantes-grupos-grandes","9":"categorias-juegos-licencias","10":"categorias-juegos-proximos-lanzamientos","11":"disponibilidad-disponible","12":"mecanica-dice-rolling","13":"mecanica-push-your-luck","14":"tamano_del_juego-de-morral","15":"tipo_de_jugador-todo-publico","17":"first","18":"instock","19":"shipping-taxable","20":"purchasable","21":"product-type-simple"},"acf":[],"_links":{"self":[{"href":"https:\/\/fractaljuegos.com\/en\/wp-json\/wp\/v2\/product\/2746","targetHints":{"allow":["GET"]}}],"collection":[{"href":"https:\/\/fractaljuegos.com\/en\/wp-json\/wp\/v2\/product"}],"about":[{"href":"https:\/\/fractaljuegos.com\/en\/wp-json\/wp\/v2\/types\/product"}],"replies":[{"embeddable":true,"href":"https:\/\/fractaljuegos.com\/en\/wp-json\/wp\/v2\/comments?post=2746"}],"version-history":[{"count":3,"href":"https:\/\/fractaljuegos.com\/en\/wp-json\/wp\/v2\/product\/2746\/revisions"}],"predecessor-version":[{"id":3777,"href":"https:\/\/fractaljuegos.com\/en\/wp-json\/wp\/v2\/product\/2746\/revisions\/3777"}],"wp:featuredmedia":[{"embeddable":true,"href":"https:\/\/fractaljuegos.com\/en\/wp-json\/wp\/v2\/media\/3771"}],"wp:attachment":[{"href":"https:\/\/fractaljuegos.com\/en\/wp-json\/wp\/v2\/media?parent=2746"}],"wp:term":[{"taxonomy":"product_brand","embeddable":true,"href":"https:\/\/fractaljuegos.com\/en\/wp-json\/wp\/v2\/product_brand?post=2746"},{"taxonomy":"product_cat","embeddable":true,"href":"https:\/\/fractaljuegos.com\/en\/wp-json\/wp\/v2\/product_cat?post=2746"},{"taxonomy":"product_tag","embeddable":true,"href":"https:\/\/fractaljuegos.com\/en\/wp-json\/wp\/v2\/product_tag?post=2746"},{"taxonomy":"disponible-nodisponible","embeddable":true,"href":"https:\/\/fractaljuegos.com\/en\/wp-json\/wp\/v2\/disponible-nodisponible?post=2746"},{"taxonomy":"cantidad_de_participantes","embeddable":true,"href":"https:\/\/fractaljuegos.com\/en\/wp-json\/wp\/v2\/cantidad_de_participantes?post=2746"},{"taxonomy":"categorias-juegos","embeddable":true,"href":"https:\/\/fractaljuegos.com\/en\/wp-json\/wp\/v2\/categorias-juegos?post=2746"},{"taxonomy":"disponibilidad","embeddable":true,"href":"https:\/\/fractaljuegos.com\/en\/wp-json\/wp\/v2\/disponibilidad?post=2746"},{"taxonomy":"mecanica","embeddable":true,"href":"https:\/\/fractaljuegos.com\/en\/wp-json\/wp\/v2\/mecanica?post=2746"},{"taxonomy":"tamano_del_juego","embeddable":true,"href":"https:\/\/fractaljuegos.com\/en\/wp-json\/wp\/v2\/tamano_del_juego?post=2746"},{"taxonomy":"tipo_de_jugador","embeddable":true,"href":"https:\/\/fractaljuegos.com\/en\/wp-json\/wp\/v2\/tipo_de_jugador?post=2746"}],"curies":[{"name":"wp","href":"https:\/\/api.w.org\/{rel}","templated":true}]}}