{"id":2742,"date":"2025-12-01T03:07:16","date_gmt":"2025-12-01T03:07:16","guid":{"rendered":"https:\/\/fractaljuegos.com\/?post_type=product&#038;p=2742"},"modified":"2025-12-01T19:58:39","modified_gmt":"2025-12-01T19:58:39","slug":"fairy-tile","status":"publish","type":"product","link":"https:\/\/fractaljuegos.com\/en\/juegos\/fairy-tile\/","title":{"rendered":"Fairy Tile"},"content":{"rendered":"<p>Fairy Tile es un reino de tierras m\u00e1gicas donde una atrevida princesa, un devoto caballero y un terrible drag\u00f3n viajan en busca de aventuras. \u00a1Necesitan de tu ayuda para descubrir el reino! Mu\u00e9velos para que cumplan sus objetivos y cuenta su historia.<\/p>\n<p>Desarrolla el reino de Fairy Tile poniendo en juego nuevas fichas de tierra y moviendo a la Princesa, el Caballero y el Drag\u00f3n a diferentes lugares como monta\u00f1as, bosques y llanuras. Ay\u00fadalos a vivir aventuras extraordinarias logrando los objetivos escritos en las p\u00e1ginas de tu libro.<\/p>\n<p>\u00a1S\u00e9 la primera persona en resolver todas las p\u00e1ginas de tu libro para ganar!<\/p>","protected":false},"excerpt":{"rendered":"<ul>\n<li>3 Figuras (Princesa, Caballero y Drag\u00f3n)<\/li>\n<li>15 Losetas de Locaciones<\/li>\n<li>36 Cartas de P\u00e1ginas<\/li>\n<li>4 Tokens M\u00e1gicos<\/li>\n<li>4 Cartas de Referencia<\/li>\n<li>1 Reglamento<\/li>\n<\/ul>","protected":false},"featured_media":3263,"comment_status":"open","ping_status":"closed","template":"","meta":{"_acf_changed":false},"product_brand":[],"product_cat":[15],"product_tag":[],"disponible-nodisponible":[],"cantidad_de_participantes":[64],"categorias-juegos":[46,42],"disponibilidad":[39],"mecanica":[55],"tamano_del_juego":[53],"tipo_de_jugador":[49],"class_list":{"0":"post-2742","1":"product","2":"type-product","3":"status-publish","4":"has-post-thumbnail","6":"product_cat-sin-categorizar","7":"cantidad_de_participantes-dos-participantes","8":"categorias-juegos-archivo","9":"categorias-juegos-localizaciones","10":"disponibilidad-no-disponible","11":"mecanica-colocacion-de-losetas","12":"tamano_del_juego-de-morral","13":"tipo_de_jugador-todo-publico","15":"first","16":"instock","17":"shipping-taxable","18":"purchasable","19":"product-type-simple"},"acf":[],"_links":{"self":[{"href":"https:\/\/fractaljuegos.com\/en\/wp-json\/wp\/v2\/product\/2742","targetHints":{"allow":["GET"]}}],"collection":[{"href":"https:\/\/fractaljuegos.com\/en\/wp-json\/wp\/v2\/product"}],"about":[{"href":"https:\/\/fractaljuegos.com\/en\/wp-json\/wp\/v2\/types\/product"}],"replies":[{"embeddable":true,"href":"https:\/\/fractaljuegos.com\/en\/wp-json\/wp\/v2\/comments?post=2742"}],"version-history":[{"count":3,"href":"https:\/\/fractaljuegos.com\/en\/wp-json\/wp\/v2\/product\/2742\/revisions"}],"predecessor-version":[{"id":3271,"href":"https:\/\/fractaljuegos.com\/en\/wp-json\/wp\/v2\/product\/2742\/revisions\/3271"}],"wp:featuredmedia":[{"embeddable":true,"href":"https:\/\/fractaljuegos.com\/en\/wp-json\/wp\/v2\/media\/3263"}],"wp:attachment":[{"href":"https:\/\/fractaljuegos.com\/en\/wp-json\/wp\/v2\/media?parent=2742"}],"wp:term":[{"taxonomy":"product_brand","embeddable":true,"href":"https:\/\/fractaljuegos.com\/en\/wp-json\/wp\/v2\/product_brand?post=2742"},{"taxonomy":"product_cat","embeddable":true,"href":"https:\/\/fractaljuegos.com\/en\/wp-json\/wp\/v2\/product_cat?post=2742"},{"taxonomy":"product_tag","embeddable":true,"href":"https:\/\/fractaljuegos.com\/en\/wp-json\/wp\/v2\/product_tag?post=2742"},{"taxonomy":"disponible-nodisponible","embeddable":true,"href":"https:\/\/fractaljuegos.com\/en\/wp-json\/wp\/v2\/disponible-nodisponible?post=2742"},{"taxonomy":"cantidad_de_participantes","embeddable":true,"href":"https:\/\/fractaljuegos.com\/en\/wp-json\/wp\/v2\/cantidad_de_participantes?post=2742"},{"taxonomy":"categorias-juegos","embeddable":true,"href":"https:\/\/fractaljuegos.com\/en\/wp-json\/wp\/v2\/categorias-juegos?post=2742"},{"taxonomy":"disponibilidad","embeddable":true,"href":"https:\/\/fractaljuegos.com\/en\/wp-json\/wp\/v2\/disponibilidad?post=2742"},{"taxonomy":"mecanica","embeddable":true,"href":"https:\/\/fractaljuegos.com\/en\/wp-json\/wp\/v2\/mecanica?post=2742"},{"taxonomy":"tamano_del_juego","embeddable":true,"href":"https:\/\/fractaljuegos.com\/en\/wp-json\/wp\/v2\/tamano_del_juego?post=2742"},{"taxonomy":"tipo_de_jugador","embeddable":true,"href":"https:\/\/fractaljuegos.com\/en\/wp-json\/wp\/v2\/tipo_de_jugador?post=2742"}],"curies":[{"name":"wp","href":"https:\/\/api.w.org\/{rel}","templated":true}]}}