{"id":2737,"date":"2025-12-01T03:02:32","date_gmt":"2025-12-01T03:02:32","guid":{"rendered":"https:\/\/fractaljuegos.com\/?post_type=product&#038;p=2737"},"modified":"2026-03-03T15:44:17","modified_gmt":"2026-03-03T15:44:17","slug":"el-pantano-de-feya","status":"publish","type":"product","link":"https:\/\/fractaljuegos.com\/en\/juegos\/el-pantano-de-feya\/","title":{"rendered":"El pantano de Feya"},"content":{"rendered":"<p>En El Pantano de Feya vas a jugar con un clan de habitantes del pantano intentando ser el m\u00e1s pr\u00f3spero. Para eso debes adaptarte bien al entorno, encontrando los mejores lugares para pescar y para asentarse, adem\u00e1s de con quien comerciar. Tambi\u00e9n podr\u00e1s emprender aventuras en los templos abandonados de los alrededores, donde poderosas deidades esperan ser despertadas. Prep\u00e1rate para explorar este m\u00e1gico pantano y realizar majestuosas festividades para rendirle tributo a los dioses.<\/p>\n<p>Intenta conseguir la mayor cantidad de puntos de victoria durante las 4 rondas que dura la partida, ya que quien obtenga m\u00e1s puntos de victoria al final, ser\u00e1 quien obtenga la victoria.<\/p>","protected":false},"excerpt":{"rendered":"<ul>\n<li>4 Tableros de Clan doble cara<\/li>\n<li>1 Tablero de Pantano doble cara<\/li>\n<li>1 Tablero de Rondas<\/li>\n<li>80 Losetas de asentamientos (20 de cada clan)<\/li>\n<li>21 Fichas de Trabajadores (5 de 3 clanes y 6 de 1 clan)<\/li>\n<li>5 Losetas especiales del Clan Salamandra<\/li>\n<li>8 Fichas de Trabajadores neutros (Axolotes blancos)<\/li>\n<li>4 Fichas de Orden de turno (1 de cada clan)<\/li>\n<li>12 Fichas de Botes (3 de cada clan)<\/li>\n<li>4 Fichas de Navegaci\u00f3n (1 de cada clan)<\/li>\n<li>12 Fichas de Objetivo (3 de cada clan)<\/li>\n<li>4 Marcadores de Puntuaci\u00f3n (1 de cada clan)<\/li>\n<li>4 Losetas de 100\/200 PV (1 de cada clan)<\/li>\n<li>40 Gemas de Man\u00e1<\/li>\n<li>52 fichas de Oro (20 de 1, 16 de 5, 10 de 10 y 6 de 20)<\/li>\n<li>80 fichas de Pez<\/li>\n<li>1 T\u00f3tem de Isla<\/li>\n<li>1 Ficha de Bloqueo<\/li>\n<li>10 Cartas de Arquetipos<\/li>\n<li>8 Cartas de Carrera<\/li>\n<li>4 Cartas de Ayuda<\/li>\n<li>6 Cartas de Puntuaci\u00f3n<\/li>\n<li>6 Cartas de Pesca<\/li>\n<li>10 Losetas de Culto<\/li>\n<li>20 Losetas de Templo<\/li>\n<li>20 Losetas de Bonificaci\u00f3n de Ronda<\/li>\n<li>1 reglamento<\/li>\n<\/ul>","protected":false},"featured_media":4353,"comment_status":"open","ping_status":"closed","template":"","meta":{"_acf_changed":false},"product_brand":[],"product_cat":[15],"product_tag":[],"disponible-nodisponible":[],"cantidad_de_participantes":[64],"categorias-juegos":[41,43],"disponibilidad":[38],"mecanica":[106],"tamano_del_juego":[54],"tipo_de_jugador":[50,49],"class_list":{"0":"post-2737","1":"product","2":"type-product","3":"status-publish","4":"has-post-thumbnail","6":"product_cat-sin-categorizar","7":"cantidad_de_participantes-dos-participantes","8":"categorias-juegos-originales","9":"categorias-juegos-proximos-lanzamientos","10":"disponibilidad-disponible","11":"mecanica-colocacion-de-trabajadores","12":"tamano_del_juego-de-mochila","13":"tipo_de_jugador-experto-a","14":"tipo_de_jugador-todo-publico","16":"first","17":"instock","18":"shipping-taxable","19":"purchasable","20":"product-type-simple"},"acf":[],"_links":{"self":[{"href":"https:\/\/fractaljuegos.com\/en\/wp-json\/wp\/v2\/product\/2737","targetHints":{"allow":["GET"]}}],"collection":[{"href":"https:\/\/fractaljuegos.com\/en\/wp-json\/wp\/v2\/product"}],"about":[{"href":"https:\/\/fractaljuegos.com\/en\/wp-json\/wp\/v2\/types\/product"}],"replies":[{"embeddable":true,"href":"https:\/\/fractaljuegos.com\/en\/wp-json\/wp\/v2\/comments?post=2737"}],"version-history":[{"count":3,"href":"https:\/\/fractaljuegos.com\/en\/wp-json\/wp\/v2\/product\/2737\/revisions"}],"predecessor-version":[{"id":3276,"href":"https:\/\/fractaljuegos.com\/en\/wp-json\/wp\/v2\/product\/2737\/revisions\/3276"}],"wp:featuredmedia":[{"embeddable":true,"href":"https:\/\/fractaljuegos.com\/en\/wp-json\/wp\/v2\/media\/4353"}],"wp:attachment":[{"href":"https:\/\/fractaljuegos.com\/en\/wp-json\/wp\/v2\/media?parent=2737"}],"wp:term":[{"taxonomy":"product_brand","embeddable":true,"href":"https:\/\/fractaljuegos.com\/en\/wp-json\/wp\/v2\/product_brand?post=2737"},{"taxonomy":"product_cat","embeddable":true,"href":"https:\/\/fractaljuegos.com\/en\/wp-json\/wp\/v2\/product_cat?post=2737"},{"taxonomy":"product_tag","embeddable":true,"href":"https:\/\/fractaljuegos.com\/en\/wp-json\/wp\/v2\/product_tag?post=2737"},{"taxonomy":"disponible-nodisponible","embeddable":true,"href":"https:\/\/fractaljuegos.com\/en\/wp-json\/wp\/v2\/disponible-nodisponible?post=2737"},{"taxonomy":"cantidad_de_participantes","embeddable":true,"href":"https:\/\/fractaljuegos.com\/en\/wp-json\/wp\/v2\/cantidad_de_participantes?post=2737"},{"taxonomy":"categorias-juegos","embeddable":true,"href":"https:\/\/fractaljuegos.com\/en\/wp-json\/wp\/v2\/categorias-juegos?post=2737"},{"taxonomy":"disponibilidad","embeddable":true,"href":"https:\/\/fractaljuegos.com\/en\/wp-json\/wp\/v2\/disponibilidad?post=2737"},{"taxonomy":"mecanica","embeddable":true,"href":"https:\/\/fractaljuegos.com\/en\/wp-json\/wp\/v2\/mecanica?post=2737"},{"taxonomy":"tamano_del_juego","embeddable":true,"href":"https:\/\/fractaljuegos.com\/en\/wp-json\/wp\/v2\/tamano_del_juego?post=2737"},{"taxonomy":"tipo_de_jugador","embeddable":true,"href":"https:\/\/fractaljuegos.com\/en\/wp-json\/wp\/v2\/tipo_de_jugador?post=2737"}],"curies":[{"name":"wp","href":"https:\/\/api.w.org\/{rel}","templated":true}]}}