{"id":2719,"date":"2025-12-01T00:02:23","date_gmt":"2025-12-01T00:02:23","guid":{"rendered":"https:\/\/fractaljuegos.com\/?post_type=product&#038;p=2719"},"modified":"2026-03-03T15:40:05","modified_gmt":"2026-03-03T15:40:05","slug":"bandido","status":"publish","type":"product","link":"https:\/\/fractaljuegos.com\/en\/juegos\/bandido\/","title":{"rendered":"Bandido"},"content":{"rendered":"<p>Un prisionero intenta escapar de su celda a trav\u00e9s de t\u00faneles secretos. T\u00fa y tu equipo deber\u00e1n unir fuerzas para impedir que esto ocurra, bloqueando todas las salidas posibles. \u00a1Pero cuidado! Las cartas que juegues pueden terminar ayud\u00e1ndolo en su intento de fuga.<\/p>\n<p>Un juego estrat\u00e9gico cooperativo y de observaci\u00f3n para toda la familia.<\/p>","protected":false},"excerpt":{"rendered":"<ul>\n<li>70 cartas<\/li>\n<li>1 reglamento<\/li>\n<\/ul>","protected":false},"featured_media":4347,"comment_status":"open","ping_status":"closed","template":"","meta":{"_acf_changed":false},"product_brand":[],"product_cat":[15],"product_tag":[],"disponible-nodisponible":[],"cantidad_de_participantes":[64,63],"categorias-juegos":[42],"disponibilidad":[38],"mecanica":[58],"tamano_del_juego":[51],"tipo_de_jugador":[48,49],"class_list":{"0":"post-2719","1":"product","2":"type-product","3":"status-publish","4":"has-post-thumbnail","6":"product_cat-sin-categorizar","7":"cantidad_de_participantes-dos-participantes","8":"cantidad_de_participantes-solitario","9":"categorias-juegos-localizaciones","10":"disponibilidad-disponible","11":"mecanica-cooperativo","12":"tamano_del_juego-de-bolsillo","13":"tipo_de_jugador-nino-a","14":"tipo_de_jugador-todo-publico","16":"first","17":"instock","18":"shipping-taxable","19":"purchasable","20":"product-type-simple"},"acf":[],"_links":{"self":[{"href":"https:\/\/fractaljuegos.com\/en\/wp-json\/wp\/v2\/product\/2719","targetHints":{"allow":["GET"]}}],"collection":[{"href":"https:\/\/fractaljuegos.com\/en\/wp-json\/wp\/v2\/product"}],"about":[{"href":"https:\/\/fractaljuegos.com\/en\/wp-json\/wp\/v2\/types\/product"}],"replies":[{"embeddable":true,"href":"https:\/\/fractaljuegos.com\/en\/wp-json\/wp\/v2\/comments?post=2719"}],"version-history":[{"count":4,"href":"https:\/\/fractaljuegos.com\/en\/wp-json\/wp\/v2\/product\/2719\/revisions"}],"predecessor-version":[{"id":3292,"href":"https:\/\/fractaljuegos.com\/en\/wp-json\/wp\/v2\/product\/2719\/revisions\/3292"}],"wp:featuredmedia":[{"embeddable":true,"href":"https:\/\/fractaljuegos.com\/en\/wp-json\/wp\/v2\/media\/4347"}],"wp:attachment":[{"href":"https:\/\/fractaljuegos.com\/en\/wp-json\/wp\/v2\/media?parent=2719"}],"wp:term":[{"taxonomy":"product_brand","embeddable":true,"href":"https:\/\/fractaljuegos.com\/en\/wp-json\/wp\/v2\/product_brand?post=2719"},{"taxonomy":"product_cat","embeddable":true,"href":"https:\/\/fractaljuegos.com\/en\/wp-json\/wp\/v2\/product_cat?post=2719"},{"taxonomy":"product_tag","embeddable":true,"href":"https:\/\/fractaljuegos.com\/en\/wp-json\/wp\/v2\/product_tag?post=2719"},{"taxonomy":"disponible-nodisponible","embeddable":true,"href":"https:\/\/fractaljuegos.com\/en\/wp-json\/wp\/v2\/disponible-nodisponible?post=2719"},{"taxonomy":"cantidad_de_participantes","embeddable":true,"href":"https:\/\/fractaljuegos.com\/en\/wp-json\/wp\/v2\/cantidad_de_participantes?post=2719"},{"taxonomy":"categorias-juegos","embeddable":true,"href":"https:\/\/fractaljuegos.com\/en\/wp-json\/wp\/v2\/categorias-juegos?post=2719"},{"taxonomy":"disponibilidad","embeddable":true,"href":"https:\/\/fractaljuegos.com\/en\/wp-json\/wp\/v2\/disponibilidad?post=2719"},{"taxonomy":"mecanica","embeddable":true,"href":"https:\/\/fractaljuegos.com\/en\/wp-json\/wp\/v2\/mecanica?post=2719"},{"taxonomy":"tamano_del_juego","embeddable":true,"href":"https:\/\/fractaljuegos.com\/en\/wp-json\/wp\/v2\/tamano_del_juego?post=2719"},{"taxonomy":"tipo_de_jugador","embeddable":true,"href":"https:\/\/fractaljuegos.com\/en\/wp-json\/wp\/v2\/tipo_de_jugador?post=2719"}],"curies":[{"name":"wp","href":"https:\/\/api.w.org\/{rel}","templated":true}]}}