{"id":2717,"date":"2025-12-01T00:01:08","date_gmt":"2025-12-01T00:01:08","guid":{"rendered":"https:\/\/fractaljuegos.com\/?post_type=product&#038;p=2717"},"modified":"2026-03-03T15:38:39","modified_gmt":"2026-03-03T15:38:39","slug":"bandida","status":"publish","type":"product","link":"https:\/\/fractaljuegos.com\/en\/juegos\/bandida\/","title":{"rendered":"Bandida"},"content":{"rendered":"<div id=\"comp-kshq11ud3\" class=\"Z_l5lU MMl86N zQ9jDz qvSjx3 Vq6kJx comp-kshq11ud3 wixui-rich-text\" data-testid=\"richTextElement\">\n<p class=\"font_8 wixui-rich-text__text\"><span class=\"color_14 wixui-rich-text__text\"><span class=\"wixui-rich-text__text\">Una Bandida est\u00e1 intentando escapar una vez m\u00e1s de su prisi\u00f3n. T\u00fa y tu equipo deber\u00e1n unir fuerzas para impedir que esto ocurra, o para ayudarla a que escape. Un juego estrat\u00e9gico cooperativo donde la comunicaci\u00f3n ser\u00e1 vital para alzarse con la victoria.<\/span><\/span><\/p>\n<\/div>\n<div id=\"comp-le631d78\" class=\"comp-le631d78 SPY_vo\">\n<div class=\"\" data-mesh-id=\"comp-le631d78inlineContent\" data-testid=\"inline-content\">\n<div data-mesh-id=\"comp-le631d78inlineContent-gridContainer\" data-testid=\"mesh-container-content\">\n<div id=\"comp-kuzueieu\" class=\"Z_l5lU MMl86N zQ9jDz qvSjx3 Vq6kJx comp-kuzueieu wixui-rich-text\" data-testid=\"richTextElement\"><\/div>\n<\/div>\n<\/div>\n<\/div>","protected":false},"excerpt":{"rendered":"<ul>\n<li>71 cartas<\/li>\n<li>1 reglamento<\/li>\n<\/ul>","protected":false},"featured_media":4346,"comment_status":"open","ping_status":"closed","template":"","meta":{"_acf_changed":false},"product_brand":[],"product_cat":[15],"product_tag":[],"disponible-nodisponible":[],"cantidad_de_participantes":[64,63],"categorias-juegos":[42],"disponibilidad":[38],"mecanica":[58],"tamano_del_juego":[51],"tipo_de_jugador":[48,49],"class_list":{"0":"post-2717","1":"product","2":"type-product","3":"status-publish","4":"has-post-thumbnail","6":"product_cat-sin-categorizar","7":"cantidad_de_participantes-dos-participantes","8":"cantidad_de_participantes-solitario","9":"categorias-juegos-localizaciones","10":"disponibilidad-disponible","11":"mecanica-cooperativo","12":"tamano_del_juego-de-bolsillo","13":"tipo_de_jugador-nino-a","14":"tipo_de_jugador-todo-publico","16":"first","17":"instock","18":"shipping-taxable","19":"purchasable","20":"product-type-simple"},"acf":[],"_links":{"self":[{"href":"https:\/\/fractaljuegos.com\/en\/wp-json\/wp\/v2\/product\/2717","targetHints":{"allow":["GET"]}}],"collection":[{"href":"https:\/\/fractaljuegos.com\/en\/wp-json\/wp\/v2\/product"}],"about":[{"href":"https:\/\/fractaljuegos.com\/en\/wp-json\/wp\/v2\/types\/product"}],"replies":[{"embeddable":true,"href":"https:\/\/fractaljuegos.com\/en\/wp-json\/wp\/v2\/comments?post=2717"}],"version-history":[{"count":3,"href":"https:\/\/fractaljuegos.com\/en\/wp-json\/wp\/v2\/product\/2717\/revisions"}],"predecessor-version":[{"id":3298,"href":"https:\/\/fractaljuegos.com\/en\/wp-json\/wp\/v2\/product\/2717\/revisions\/3298"}],"wp:featuredmedia":[{"embeddable":true,"href":"https:\/\/fractaljuegos.com\/en\/wp-json\/wp\/v2\/media\/4346"}],"wp:attachment":[{"href":"https:\/\/fractaljuegos.com\/en\/wp-json\/wp\/v2\/media?parent=2717"}],"wp:term":[{"taxonomy":"product_brand","embeddable":true,"href":"https:\/\/fractaljuegos.com\/en\/wp-json\/wp\/v2\/product_brand?post=2717"},{"taxonomy":"product_cat","embeddable":true,"href":"https:\/\/fractaljuegos.com\/en\/wp-json\/wp\/v2\/product_cat?post=2717"},{"taxonomy":"product_tag","embeddable":true,"href":"https:\/\/fractaljuegos.com\/en\/wp-json\/wp\/v2\/product_tag?post=2717"},{"taxonomy":"disponible-nodisponible","embeddable":true,"href":"https:\/\/fractaljuegos.com\/en\/wp-json\/wp\/v2\/disponible-nodisponible?post=2717"},{"taxonomy":"cantidad_de_participantes","embeddable":true,"href":"https:\/\/fractaljuegos.com\/en\/wp-json\/wp\/v2\/cantidad_de_participantes?post=2717"},{"taxonomy":"categorias-juegos","embeddable":true,"href":"https:\/\/fractaljuegos.com\/en\/wp-json\/wp\/v2\/categorias-juegos?post=2717"},{"taxonomy":"disponibilidad","embeddable":true,"href":"https:\/\/fractaljuegos.com\/en\/wp-json\/wp\/v2\/disponibilidad?post=2717"},{"taxonomy":"mecanica","embeddable":true,"href":"https:\/\/fractaljuegos.com\/en\/wp-json\/wp\/v2\/mecanica?post=2717"},{"taxonomy":"tamano_del_juego","embeddable":true,"href":"https:\/\/fractaljuegos.com\/en\/wp-json\/wp\/v2\/tamano_del_juego?post=2717"},{"taxonomy":"tipo_de_jugador","embeddable":true,"href":"https:\/\/fractaljuegos.com\/en\/wp-json\/wp\/v2\/tipo_de_jugador?post=2717"}],"curies":[{"name":"wp","href":"https:\/\/api.w.org\/{rel}","templated":true}]}}