{"id":2714,"date":"2025-11-30T23:58:21","date_gmt":"2025-11-30T23:58:21","guid":{"rendered":"https:\/\/fractaljuegos.com\/?post_type=product&#038;p=2714"},"modified":"2025-12-12T15:55:23","modified_gmt":"2025-12-12T15:55:23","slug":"arte-moderno","status":"publish","type":"product","link":"https:\/\/fractaljuegos.com\/en\/juegos\/arte-moderno\/","title":{"rendered":"Arte moderno"},"content":{"rendered":"<p>\u00bfHas so\u00f1ado con tener las obras de arte m\u00e1s hermosas del mundo? Ha llegado tu oportunidad. Se acerca la gran subasta de sobresalientes artistas: Denis Danis, Luc\u00eda la Sand\u00eda, Jacobo Fotonolovsky, Leonardo DaviCingo y Rosario Central. Y como el dinero sigue a la moda, el pomposo evento es una buena oportunidad para hacer excelentes negocios.<\/p>\n<p>En Arte Moderno cada participante maneja una galer\u00eda de arte. El objetivo es ganar tanto dinero como sea posible, consiguiendo obras de arte en 5 tipos de subastas para luego venderlas al mejor precio, que depender\u00e1 de la popularidad de cada artista y su \u00e9xito en las rondas anteriores.<\/p>\n<p>\u00a1Descubre este cl\u00e1sico juego de Reiner Knizia ambientado en el mundo de 31 Minutos!<\/p>\n<p>RECOMENDADO AL SPIEL DES JAHRES 1993<\/p>","protected":false},"excerpt":{"rendered":"<ul>\n<li>1 tablero<\/li>\n<li>70 cartas de obra<\/li>\n<li>5 pantallas<\/li>\n<li>94 monedas<\/li>\n<li>12 fichas de valor de mercado<\/li>\n<li>1 atril<\/li>\n<li>1 martillo de subasta<\/li>\n<li>1 reglamento<\/li>\n<\/ul>","protected":false},"featured_media":3800,"comment_status":"open","ping_status":"closed","template":"","meta":{"_acf_changed":false},"product_brand":[],"product_cat":[15],"product_tag":[],"disponible-nodisponible":[],"cantidad_de_participantes":[],"categorias-juegos":[44],"disponibilidad":[38],"mecanica":[56,95],"tamano_del_juego":[53],"tipo_de_jugador":[49],"class_list":{"0":"post-2714","1":"product","2":"type-product","3":"status-publish","4":"has-post-thumbnail","6":"product_cat-sin-categorizar","7":"categorias-juegos-licencias","8":"disponibilidad-disponible","9":"mecanica-manejo-de-mano","10":"mecanica-subasta","11":"tamano_del_juego-de-morral","12":"tipo_de_jugador-todo-publico","14":"first","15":"instock","16":"shipping-taxable","17":"purchasable","18":"product-type-simple"},"acf":[],"_links":{"self":[{"href":"https:\/\/fractaljuegos.com\/en\/wp-json\/wp\/v2\/product\/2714","targetHints":{"allow":["GET"]}}],"collection":[{"href":"https:\/\/fractaljuegos.com\/en\/wp-json\/wp\/v2\/product"}],"about":[{"href":"https:\/\/fractaljuegos.com\/en\/wp-json\/wp\/v2\/types\/product"}],"replies":[{"embeddable":true,"href":"https:\/\/fractaljuegos.com\/en\/wp-json\/wp\/v2\/comments?post=2714"}],"version-history":[{"count":2,"href":"https:\/\/fractaljuegos.com\/en\/wp-json\/wp\/v2\/product\/2714\/revisions"}],"predecessor-version":[{"id":3307,"href":"https:\/\/fractaljuegos.com\/en\/wp-json\/wp\/v2\/product\/2714\/revisions\/3307"}],"wp:featuredmedia":[{"embeddable":true,"href":"https:\/\/fractaljuegos.com\/en\/wp-json\/wp\/v2\/media\/3800"}],"wp:attachment":[{"href":"https:\/\/fractaljuegos.com\/en\/wp-json\/wp\/v2\/media?parent=2714"}],"wp:term":[{"taxonomy":"product_brand","embeddable":true,"href":"https:\/\/fractaljuegos.com\/en\/wp-json\/wp\/v2\/product_brand?post=2714"},{"taxonomy":"product_cat","embeddable":true,"href":"https:\/\/fractaljuegos.com\/en\/wp-json\/wp\/v2\/product_cat?post=2714"},{"taxonomy":"product_tag","embeddable":true,"href":"https:\/\/fractaljuegos.com\/en\/wp-json\/wp\/v2\/product_tag?post=2714"},{"taxonomy":"disponible-nodisponible","embeddable":true,"href":"https:\/\/fractaljuegos.com\/en\/wp-json\/wp\/v2\/disponible-nodisponible?post=2714"},{"taxonomy":"cantidad_de_participantes","embeddable":true,"href":"https:\/\/fractaljuegos.com\/en\/wp-json\/wp\/v2\/cantidad_de_participantes?post=2714"},{"taxonomy":"categorias-juegos","embeddable":true,"href":"https:\/\/fractaljuegos.com\/en\/wp-json\/wp\/v2\/categorias-juegos?post=2714"},{"taxonomy":"disponibilidad","embeddable":true,"href":"https:\/\/fractaljuegos.com\/en\/wp-json\/wp\/v2\/disponibilidad?post=2714"},{"taxonomy":"mecanica","embeddable":true,"href":"https:\/\/fractaljuegos.com\/en\/wp-json\/wp\/v2\/mecanica?post=2714"},{"taxonomy":"tamano_del_juego","embeddable":true,"href":"https:\/\/fractaljuegos.com\/en\/wp-json\/wp\/v2\/tamano_del_juego?post=2714"},{"taxonomy":"tipo_de_jugador","embeddable":true,"href":"https:\/\/fractaljuegos.com\/en\/wp-json\/wp\/v2\/tipo_de_jugador?post=2714"}],"curies":[{"name":"wp","href":"https:\/\/api.w.org\/{rel}","templated":true}]}}