{"id":2712,"date":"2025-11-30T23:57:56","date_gmt":"2025-11-30T23:57:56","guid":{"rendered":"https:\/\/fractaljuegos.com\/?post_type=product&#038;p=2712"},"modified":"2025-12-01T20:34:38","modified_gmt":"2025-12-01T20:34:38","slug":"arboretum","status":"publish","type":"product","link":"https:\/\/fractaljuegos.com\/en\/juegos\/arboretum\/","title":{"rendered":"Arboretum"},"content":{"rendered":"<p>La creaci\u00f3n de un arboreto no es tarea f\u00e1cil, y a\u00fan m\u00e1s complicado es planificar el recorrido que deber\u00edan tomar tus visitantes para apreciar su belleza.<\/p>\n<p>\u00bfQu\u00e9 variedades de \u00e1rboles elegir\u00e1s para cautivarles?<\/p>\n<p>Arboretum es un estrat\u00e9gico juego familiar que fue nominado al mejor juego de cartas y mejor dise\u00f1o de arte en un juego por la prestigiosa comunidad del Board Game Geek el 2015.<\/p>","protected":false},"excerpt":{"rendered":"<ul>\n<li>80 Cartas<\/li>\n<li>1 Reglamento<\/li>\n<li>1 Libreta de Puntuaci\u00f3n<\/li>\n<\/ul>","protected":false},"featured_media":3308,"comment_status":"open","ping_status":"closed","template":"","meta":{"_acf_changed":false},"product_brand":[],"product_cat":[15],"product_tag":[],"disponible-nodisponible":[],"cantidad_de_participantes":[64],"categorias-juegos":[46,42],"disponibilidad":[39],"mecanica":[57,56],"tamano_del_juego":[52],"tipo_de_jugador":[49],"class_list":{"0":"post-2712","1":"product","2":"type-product","3":"status-publish","4":"has-post-thumbnail","6":"product_cat-sin-categorizar","7":"cantidad_de_participantes-dos-participantes","8":"categorias-juegos-archivo","9":"categorias-juegos-localizaciones","10":"disponibilidad-no-disponible","11":"mecanica-drafting","12":"mecanica-manejo-de-mano","13":"tamano_del_juego-de-cartera","14":"tipo_de_jugador-todo-publico","16":"first","17":"instock","18":"shipping-taxable","19":"purchasable","20":"product-type-simple"},"acf":[],"_links":{"self":[{"href":"https:\/\/fractaljuegos.com\/en\/wp-json\/wp\/v2\/product\/2712","targetHints":{"allow":["GET"]}}],"collection":[{"href":"https:\/\/fractaljuegos.com\/en\/wp-json\/wp\/v2\/product"}],"about":[{"href":"https:\/\/fractaljuegos.com\/en\/wp-json\/wp\/v2\/types\/product"}],"replies":[{"embeddable":true,"href":"https:\/\/fractaljuegos.com\/en\/wp-json\/wp\/v2\/comments?post=2712"}],"version-history":[{"count":3,"href":"https:\/\/fractaljuegos.com\/en\/wp-json\/wp\/v2\/product\/2712\/revisions"}],"predecessor-version":[{"id":3316,"href":"https:\/\/fractaljuegos.com\/en\/wp-json\/wp\/v2\/product\/2712\/revisions\/3316"}],"wp:featuredmedia":[{"embeddable":true,"href":"https:\/\/fractaljuegos.com\/en\/wp-json\/wp\/v2\/media\/3308"}],"wp:attachment":[{"href":"https:\/\/fractaljuegos.com\/en\/wp-json\/wp\/v2\/media?parent=2712"}],"wp:term":[{"taxonomy":"product_brand","embeddable":true,"href":"https:\/\/fractaljuegos.com\/en\/wp-json\/wp\/v2\/product_brand?post=2712"},{"taxonomy":"product_cat","embeddable":true,"href":"https:\/\/fractaljuegos.com\/en\/wp-json\/wp\/v2\/product_cat?post=2712"},{"taxonomy":"product_tag","embeddable":true,"href":"https:\/\/fractaljuegos.com\/en\/wp-json\/wp\/v2\/product_tag?post=2712"},{"taxonomy":"disponible-nodisponible","embeddable":true,"href":"https:\/\/fractaljuegos.com\/en\/wp-json\/wp\/v2\/disponible-nodisponible?post=2712"},{"taxonomy":"cantidad_de_participantes","embeddable":true,"href":"https:\/\/fractaljuegos.com\/en\/wp-json\/wp\/v2\/cantidad_de_participantes?post=2712"},{"taxonomy":"categorias-juegos","embeddable":true,"href":"https:\/\/fractaljuegos.com\/en\/wp-json\/wp\/v2\/categorias-juegos?post=2712"},{"taxonomy":"disponibilidad","embeddable":true,"href":"https:\/\/fractaljuegos.com\/en\/wp-json\/wp\/v2\/disponibilidad?post=2712"},{"taxonomy":"mecanica","embeddable":true,"href":"https:\/\/fractaljuegos.com\/en\/wp-json\/wp\/v2\/mecanica?post=2712"},{"taxonomy":"tamano_del_juego","embeddable":true,"href":"https:\/\/fractaljuegos.com\/en\/wp-json\/wp\/v2\/tamano_del_juego?post=2712"},{"taxonomy":"tipo_de_jugador","embeddable":true,"href":"https:\/\/fractaljuegos.com\/en\/wp-json\/wp\/v2\/tipo_de_jugador?post=2712"}],"curies":[{"name":"wp","href":"https:\/\/api.w.org\/{rel}","templated":true}]}}