{"id":2703,"date":"2025-11-30T23:45:02","date_gmt":"2025-11-30T23:45:02","guid":{"rendered":"https:\/\/fractaljuegos.com\/?post_type=product&#038;p=2703"},"modified":"2026-03-03T15:46:31","modified_gmt":"2026-03-03T15:46:31","slug":"toma-11","status":"publish","type":"product","link":"https:\/\/fractaljuegos.com\/en\/juegos\/toma-11\/","title":{"rendered":"\u00a1Toma 11!"},"content":{"rendered":"<p>Cada persona recibir\u00e1 10 cartas, que deber\u00e1 jugar h\u00e1bilmente sobre las pilas de cabezas de toro. \u00a1Pero atenci\u00f3n! La diferencia no puede ser mayor a 10, de lo contrario \u00a1Toma 11!, pasando a tener m\u00e1s cartas en su mano. Ganar\u00e1 quien tenga menor puntaje al final de la partida.<\/p>\n<p>\u00a1Toma 11! es un juego independiente, basado en el cl\u00e1sico y divertido juego \u00a1Toma 6!<\/p>","protected":false},"excerpt":{"rendered":"<ul>\n<li>110 cartas<\/li>\n<li>1 reglamento<\/li>\n<\/ul>","protected":false},"featured_media":4360,"comment_status":"open","ping_status":"closed","template":"","meta":{"_acf_changed":false},"product_brand":[],"product_cat":[15],"product_tag":[],"disponible-nodisponible":[],"cantidad_de_participantes":[64,65],"categorias-juegos":[42],"disponibilidad":[39],"mecanica":[56,62],"tamano_del_juego":[51],"tipo_de_jugador":[49],"class_list":{"0":"post-2703","1":"product","2":"type-product","3":"status-publish","4":"has-post-thumbnail","6":"product_cat-sin-categorizar","7":"cantidad_de_participantes-dos-participantes","8":"cantidad_de_participantes-grupos-grandes","9":"categorias-juegos-localizaciones","10":"disponibilidad-no-disponible","11":"mecanica-manejo-de-mano","12":"mecanica-push-your-luck","13":"tamano_del_juego-de-bolsillo","14":"tipo_de_jugador-todo-publico","16":"first","17":"instock","18":"shipping-taxable","19":"purchasable","20":"product-type-simple"},"acf":[],"_links":{"self":[{"href":"https:\/\/fractaljuegos.com\/en\/wp-json\/wp\/v2\/product\/2703","targetHints":{"allow":["GET"]}}],"collection":[{"href":"https:\/\/fractaljuegos.com\/en\/wp-json\/wp\/v2\/product"}],"about":[{"href":"https:\/\/fractaljuegos.com\/en\/wp-json\/wp\/v2\/types\/product"}],"replies":[{"embeddable":true,"href":"https:\/\/fractaljuegos.com\/en\/wp-json\/wp\/v2\/comments?post=2703"}],"version-history":[{"count":3,"href":"https:\/\/fractaljuegos.com\/en\/wp-json\/wp\/v2\/product\/2703\/revisions"}],"predecessor-version":[{"id":3325,"href":"https:\/\/fractaljuegos.com\/en\/wp-json\/wp\/v2\/product\/2703\/revisions\/3325"}],"wp:featuredmedia":[{"embeddable":true,"href":"https:\/\/fractaljuegos.com\/en\/wp-json\/wp\/v2\/media\/4360"}],"wp:attachment":[{"href":"https:\/\/fractaljuegos.com\/en\/wp-json\/wp\/v2\/media?parent=2703"}],"wp:term":[{"taxonomy":"product_brand","embeddable":true,"href":"https:\/\/fractaljuegos.com\/en\/wp-json\/wp\/v2\/product_brand?post=2703"},{"taxonomy":"product_cat","embeddable":true,"href":"https:\/\/fractaljuegos.com\/en\/wp-json\/wp\/v2\/product_cat?post=2703"},{"taxonomy":"product_tag","embeddable":true,"href":"https:\/\/fractaljuegos.com\/en\/wp-json\/wp\/v2\/product_tag?post=2703"},{"taxonomy":"disponible-nodisponible","embeddable":true,"href":"https:\/\/fractaljuegos.com\/en\/wp-json\/wp\/v2\/disponible-nodisponible?post=2703"},{"taxonomy":"cantidad_de_participantes","embeddable":true,"href":"https:\/\/fractaljuegos.com\/en\/wp-json\/wp\/v2\/cantidad_de_participantes?post=2703"},{"taxonomy":"categorias-juegos","embeddable":true,"href":"https:\/\/fractaljuegos.com\/en\/wp-json\/wp\/v2\/categorias-juegos?post=2703"},{"taxonomy":"disponibilidad","embeddable":true,"href":"https:\/\/fractaljuegos.com\/en\/wp-json\/wp\/v2\/disponibilidad?post=2703"},{"taxonomy":"mecanica","embeddable":true,"href":"https:\/\/fractaljuegos.com\/en\/wp-json\/wp\/v2\/mecanica?post=2703"},{"taxonomy":"tamano_del_juego","embeddable":true,"href":"https:\/\/fractaljuegos.com\/en\/wp-json\/wp\/v2\/tamano_del_juego?post=2703"},{"taxonomy":"tipo_de_jugador","embeddable":true,"href":"https:\/\/fractaljuegos.com\/en\/wp-json\/wp\/v2\/tipo_de_jugador?post=2703"}],"curies":[{"name":"wp","href":"https:\/\/api.w.org\/{rel}","templated":true}]}}