{"id":1041,"date":"2025-10-10T02:05:28","date_gmt":"2025-10-10T02:05:28","guid":{"rendered":"https:\/\/fractaljuegos.com\/?post_type=product&#038;p=1041"},"modified":"2025-12-02T00:40:09","modified_gmt":"2025-12-02T00:40:09","slug":"tranvias","status":"publish","type":"product","link":"https:\/\/fractaljuegos.com\/en\/juegos\/tranvias\/","title":{"rendered":"Tranv\u00edas"},"content":{"rendered":"<p>Es la d\u00e9cada de los 20&#8230; Small City fundada hace pocos a\u00f1os atr\u00e1s es todav\u00eda una ciudad incipiente. No obstante el centro de la ciudad es pr\u00f3spero y la extra\u00f1a CliniC tambi\u00e9n est\u00e1 en auge. Sin embargo, los ciudadanos anhelan una nueva red de transporte para ir a donde necesiten y a una alta velocidad. \u00bfQu\u00e9 podr\u00eda ser m\u00e1s moderno que un tranv\u00eda?<\/p>\n<p>En Tranv\u00edas, tomas el rol de un inversor que trata de implementar su particular visi\u00f3n del nuevo mapa de tr\u00e1nsito que necesita la ciudad. Construye y desarrolla tu red para que la gente llegue antes a todos lados, pero haz tu mejor esfuerzo para sopesar los negocios con el placer, pues mientras los ciudadanos descansen lo suficiente, el estr\u00e9s no te agobiar\u00e1.<\/p>","protected":false},"excerpt":{"rendered":"<ul class=\"elementor-icon-list-items\">\n<li class=\"elementor-icon-list-item\">12 Tableros Modulares de Mapa<\/li>\n<li class=\"elementor-icon-list-item\">6 Tableros<\/li>\n<li class=\"elementor-icon-list-item\">106 Cartas<\/li>\n<li class=\"elementor-icon-list-item\">40 Meeples<\/li>\n<li class=\"elementor-icon-list-item\">140 Losetas<\/li>\n<li class=\"elementor-icon-list-item\">75 Discos de Madera<\/li>\n<li class=\"elementor-icon-list-item\">52 Monedas<\/li>\n<\/ul>","protected":false},"featured_media":3336,"comment_status":"open","ping_status":"closed","template":"","meta":{"_acf_changed":false},"product_brand":[],"product_cat":[32],"product_tag":[],"disponible-nodisponible":[],"cantidad_de_participantes":[64,63],"categorias-juegos":[46,42],"disponibilidad":[39],"mecanica":[56,95],"tamano_del_juego":[54],"tipo_de_jugador":[50,49],"class_list":{"0":"post-1041","1":"product","2":"type-product","3":"status-publish","4":"has-post-thumbnail","6":"product_cat-estrategicos","7":"cantidad_de_participantes-dos-participantes","8":"cantidad_de_participantes-solitario","9":"categorias-juegos-archivo","10":"categorias-juegos-localizaciones","11":"disponibilidad-no-disponible","12":"mecanica-manejo-de-mano","13":"mecanica-subasta","14":"tamano_del_juego-de-mochila","15":"tipo_de_jugador-experto-a","16":"tipo_de_jugador-todo-publico","18":"first","19":"outofstock","20":"shipping-taxable","21":"purchasable","22":"product-type-simple"},"acf":[],"_links":{"self":[{"href":"https:\/\/fractaljuegos.com\/en\/wp-json\/wp\/v2\/product\/1041","targetHints":{"allow":["GET"]}}],"collection":[{"href":"https:\/\/fractaljuegos.com\/en\/wp-json\/wp\/v2\/product"}],"about":[{"href":"https:\/\/fractaljuegos.com\/en\/wp-json\/wp\/v2\/types\/product"}],"replies":[{"embeddable":true,"href":"https:\/\/fractaljuegos.com\/en\/wp-json\/wp\/v2\/comments?post=1041"}],"version-history":[{"count":6,"href":"https:\/\/fractaljuegos.com\/en\/wp-json\/wp\/v2\/product\/1041\/revisions"}],"predecessor-version":[{"id":3339,"href":"https:\/\/fractaljuegos.com\/en\/wp-json\/wp\/v2\/product\/1041\/revisions\/3339"}],"wp:featuredmedia":[{"embeddable":true,"href":"https:\/\/fractaljuegos.com\/en\/wp-json\/wp\/v2\/media\/3336"}],"wp:attachment":[{"href":"https:\/\/fractaljuegos.com\/en\/wp-json\/wp\/v2\/media?parent=1041"}],"wp:term":[{"taxonomy":"product_brand","embeddable":true,"href":"https:\/\/fractaljuegos.com\/en\/wp-json\/wp\/v2\/product_brand?post=1041"},{"taxonomy":"product_cat","embeddable":true,"href":"https:\/\/fractaljuegos.com\/en\/wp-json\/wp\/v2\/product_cat?post=1041"},{"taxonomy":"product_tag","embeddable":true,"href":"https:\/\/fractaljuegos.com\/en\/wp-json\/wp\/v2\/product_tag?post=1041"},{"taxonomy":"disponible-nodisponible","embeddable":true,"href":"https:\/\/fractaljuegos.com\/en\/wp-json\/wp\/v2\/disponible-nodisponible?post=1041"},{"taxonomy":"cantidad_de_participantes","embeddable":true,"href":"https:\/\/fractaljuegos.com\/en\/wp-json\/wp\/v2\/cantidad_de_participantes?post=1041"},{"taxonomy":"categorias-juegos","embeddable":true,"href":"https:\/\/fractaljuegos.com\/en\/wp-json\/wp\/v2\/categorias-juegos?post=1041"},{"taxonomy":"disponibilidad","embeddable":true,"href":"https:\/\/fractaljuegos.com\/en\/wp-json\/wp\/v2\/disponibilidad?post=1041"},{"taxonomy":"mecanica","embeddable":true,"href":"https:\/\/fractaljuegos.com\/en\/wp-json\/wp\/v2\/mecanica?post=1041"},{"taxonomy":"tamano_del_juego","embeddable":true,"href":"https:\/\/fractaljuegos.com\/en\/wp-json\/wp\/v2\/tamano_del_juego?post=1041"},{"taxonomy":"tipo_de_jugador","embeddable":true,"href":"https:\/\/fractaljuegos.com\/en\/wp-json\/wp\/v2\/tipo_de_jugador?post=1041"}],"curies":[{"name":"wp","href":"https:\/\/api.w.org\/{rel}","templated":true}]}}