{"id":1038,"date":"2025-10-10T02:03:43","date_gmt":"2025-10-10T02:03:43","guid":{"rendered":"https:\/\/fractaljuegos.com\/?post_type=product&#038;p=1038"},"modified":"2026-03-03T15:53:29","modified_gmt":"2026-03-03T15:53:29","slug":"musa","status":"publish","type":"product","link":"https:\/\/fractaljuegos.com\/en\/juegos\/musa\/","title":{"rendered":"Musa"},"content":{"rendered":"<p>\u00bfA d\u00f3nde te guiar\u00e1 tu musa?<\/p>\n<p>Lleva a tu equipo hacia la inspiraci\u00f3n usando enigm\u00e1ticas pistas y surrealistas im\u00e1genes en Musa, un hermoso party game con m\u00e1s de 100 cartas completamente ilustradas.<\/p>\n<p>Como musa, debes usar tu creatividad para dar la pista correcta dentro de las limitaciones de la carta de inspiraci\u00f3n que te han entregado, con el objetivo de llevar a tu equipo a su obra maestra. Como artistas, trabajen en conjunto para descifrar la pista y elegir correctamente la carta de obra maestra.<\/p>\n<p>\u00a1Desaf\u00eda tu creatividad, y escucha atentamente para lograr encontrar tu obra maestra!<\/p>","protected":false},"excerpt":{"rendered":"<ul class=\"elementor-icon-list-items\">\n<li class=\"elementor-icon-list-item\">84 Cartas de Obra Maestra<\/li>\n<li class=\"elementor-icon-list-item\">30 Cartas de Inspiraci\u00f3n<\/li>\n<li class=\"elementor-icon-list-item\">Reglamento<\/li>\n<\/ul>","protected":false},"featured_media":4372,"comment_status":"open","ping_status":"closed","template":"","meta":{"_acf_changed":false},"product_brand":[],"product_cat":[30,27],"product_tag":[],"disponible-nodisponible":[],"cantidad_de_participantes":[65],"categorias-juegos":[46,42],"disponibilidad":[39],"mecanica":[108],"tamano_del_juego":[53],"tipo_de_jugador":[49],"class_list":{"0":"post-1038","1":"product","2":"type-product","3":"status-publish","4":"has-post-thumbnail","6":"product_cat-fillers","7":"product_cat-party-games","8":"cantidad_de_participantes-grupos-grandes","9":"categorias-juegos-archivo","10":"categorias-juegos-localizaciones","11":"disponibilidad-no-disponible","12":"mecanica-party-game","13":"tamano_del_juego-de-morral","14":"tipo_de_jugador-todo-publico","16":"first","17":"outofstock","18":"shipping-taxable","19":"purchasable","20":"product-type-simple"},"acf":[],"_links":{"self":[{"href":"https:\/\/fractaljuegos.com\/en\/wp-json\/wp\/v2\/product\/1038","targetHints":{"allow":["GET"]}}],"collection":[{"href":"https:\/\/fractaljuegos.com\/en\/wp-json\/wp\/v2\/product"}],"about":[{"href":"https:\/\/fractaljuegos.com\/en\/wp-json\/wp\/v2\/types\/product"}],"replies":[{"embeddable":true,"href":"https:\/\/fractaljuegos.com\/en\/wp-json\/wp\/v2\/comments?post=1038"}],"version-history":[{"count":5,"href":"https:\/\/fractaljuegos.com\/en\/wp-json\/wp\/v2\/product\/1038\/revisions"}],"predecessor-version":[{"id":3227,"href":"https:\/\/fractaljuegos.com\/en\/wp-json\/wp\/v2\/product\/1038\/revisions\/3227"}],"wp:featuredmedia":[{"embeddable":true,"href":"https:\/\/fractaljuegos.com\/en\/wp-json\/wp\/v2\/media\/4372"}],"wp:attachment":[{"href":"https:\/\/fractaljuegos.com\/en\/wp-json\/wp\/v2\/media?parent=1038"}],"wp:term":[{"taxonomy":"product_brand","embeddable":true,"href":"https:\/\/fractaljuegos.com\/en\/wp-json\/wp\/v2\/product_brand?post=1038"},{"taxonomy":"product_cat","embeddable":true,"href":"https:\/\/fractaljuegos.com\/en\/wp-json\/wp\/v2\/product_cat?post=1038"},{"taxonomy":"product_tag","embeddable":true,"href":"https:\/\/fractaljuegos.com\/en\/wp-json\/wp\/v2\/product_tag?post=1038"},{"taxonomy":"disponible-nodisponible","embeddable":true,"href":"https:\/\/fractaljuegos.com\/en\/wp-json\/wp\/v2\/disponible-nodisponible?post=1038"},{"taxonomy":"cantidad_de_participantes","embeddable":true,"href":"https:\/\/fractaljuegos.com\/en\/wp-json\/wp\/v2\/cantidad_de_participantes?post=1038"},{"taxonomy":"categorias-juegos","embeddable":true,"href":"https:\/\/fractaljuegos.com\/en\/wp-json\/wp\/v2\/categorias-juegos?post=1038"},{"taxonomy":"disponibilidad","embeddable":true,"href":"https:\/\/fractaljuegos.com\/en\/wp-json\/wp\/v2\/disponibilidad?post=1038"},{"taxonomy":"mecanica","embeddable":true,"href":"https:\/\/fractaljuegos.com\/en\/wp-json\/wp\/v2\/mecanica?post=1038"},{"taxonomy":"tamano_del_juego","embeddable":true,"href":"https:\/\/fractaljuegos.com\/en\/wp-json\/wp\/v2\/tamano_del_juego?post=1038"},{"taxonomy":"tipo_de_jugador","embeddable":true,"href":"https:\/\/fractaljuegos.com\/en\/wp-json\/wp\/v2\/tipo_de_jugador?post=1038"}],"curies":[{"name":"wp","href":"https:\/\/api.w.org\/{rel}","templated":true}]}}