{"id":1034,"date":"2025-10-10T02:01:56","date_gmt":"2025-10-10T02:01:56","guid":{"rendered":"https:\/\/fractaljuegos.com\/?post_type=product&#038;p=1034"},"modified":"2026-03-03T15:46:37","modified_gmt":"2026-03-03T15:46:37","slug":"toma-6","status":"publish","type":"product","link":"https:\/\/fractaljuegos.com\/en\/juegos\/toma-6\/","title":{"rendered":"\u00a1Toma 6!"},"content":{"rendered":"<p>Los jugadores reciben 10 cartas que tendr\u00e1n que jugar h\u00e1bilmente en una de las cuatro filas. Pero atenci\u00f3n, en cada fila solo caben solo cinco cartas, quien coloque la sexta se llevar\u00e1 las cinco cartas anteriores con sus puntos negativos.<\/p>\n<p>\u200bGanar\u00e1 quien obtenga menor puntaje al final de la partida.<\/p>\n<p>\u200b\u00a1Toma 6! es un cl\u00e1sico que no podr\u00e1s dejar de jugar.<\/p>","protected":false},"excerpt":{"rendered":"<ul class=\"elementor-icon-list-items\">\n<li class=\"elementor-icon-list-item\">104 cartas<\/li>\n<li class=\"elementor-icon-list-item\">Libro de Reglas<\/li>\n<\/ul>","protected":false},"featured_media":4359,"comment_status":"open","ping_status":"closed","template":"","meta":{"_acf_changed":false},"product_brand":[],"product_cat":[35,32,30,27],"product_tag":[],"disponible-nodisponible":[],"cantidad_de_participantes":[65,63],"categorias-juegos":[42],"disponibilidad":[38],"mecanica":[56],"tamano_del_juego":[51],"tipo_de_jugador":[49],"class_list":{"0":"post-1034","1":"product","2":"type-product","3":"status-publish","4":"has-post-thumbnail","6":"product_cat-abstractos","7":"product_cat-estrategicos","8":"product_cat-fillers","9":"product_cat-party-games","10":"cantidad_de_participantes-grupos-grandes","11":"cantidad_de_participantes-solitario","12":"categorias-juegos-localizaciones","13":"disponibilidad-disponible","14":"mecanica-manejo-de-mano","15":"tamano_del_juego-de-bolsillo","16":"tipo_de_jugador-todo-publico","18":"first","19":"outofstock","20":"shipping-taxable","21":"purchasable","22":"product-type-simple"},"acf":[],"_links":{"self":[{"href":"https:\/\/fractaljuegos.com\/en\/wp-json\/wp\/v2\/product\/1034","targetHints":{"allow":["GET"]}}],"collection":[{"href":"https:\/\/fractaljuegos.com\/en\/wp-json\/wp\/v2\/product"}],"about":[{"href":"https:\/\/fractaljuegos.com\/en\/wp-json\/wp\/v2\/types\/product"}],"replies":[{"embeddable":true,"href":"https:\/\/fractaljuegos.com\/en\/wp-json\/wp\/v2\/comments?post=1034"}],"version-history":[{"count":3,"href":"https:\/\/fractaljuegos.com\/en\/wp-json\/wp\/v2\/product\/1034\/revisions"}],"predecessor-version":[{"id":2903,"href":"https:\/\/fractaljuegos.com\/en\/wp-json\/wp\/v2\/product\/1034\/revisions\/2903"}],"wp:featuredmedia":[{"embeddable":true,"href":"https:\/\/fractaljuegos.com\/en\/wp-json\/wp\/v2\/media\/4359"}],"wp:attachment":[{"href":"https:\/\/fractaljuegos.com\/en\/wp-json\/wp\/v2\/media?parent=1034"}],"wp:term":[{"taxonomy":"product_brand","embeddable":true,"href":"https:\/\/fractaljuegos.com\/en\/wp-json\/wp\/v2\/product_brand?post=1034"},{"taxonomy":"product_cat","embeddable":true,"href":"https:\/\/fractaljuegos.com\/en\/wp-json\/wp\/v2\/product_cat?post=1034"},{"taxonomy":"product_tag","embeddable":true,"href":"https:\/\/fractaljuegos.com\/en\/wp-json\/wp\/v2\/product_tag?post=1034"},{"taxonomy":"disponible-nodisponible","embeddable":true,"href":"https:\/\/fractaljuegos.com\/en\/wp-json\/wp\/v2\/disponible-nodisponible?post=1034"},{"taxonomy":"cantidad_de_participantes","embeddable":true,"href":"https:\/\/fractaljuegos.com\/en\/wp-json\/wp\/v2\/cantidad_de_participantes?post=1034"},{"taxonomy":"categorias-juegos","embeddable":true,"href":"https:\/\/fractaljuegos.com\/en\/wp-json\/wp\/v2\/categorias-juegos?post=1034"},{"taxonomy":"disponibilidad","embeddable":true,"href":"https:\/\/fractaljuegos.com\/en\/wp-json\/wp\/v2\/disponibilidad?post=1034"},{"taxonomy":"mecanica","embeddable":true,"href":"https:\/\/fractaljuegos.com\/en\/wp-json\/wp\/v2\/mecanica?post=1034"},{"taxonomy":"tamano_del_juego","embeddable":true,"href":"https:\/\/fractaljuegos.com\/en\/wp-json\/wp\/v2\/tamano_del_juego?post=1034"},{"taxonomy":"tipo_de_jugador","embeddable":true,"href":"https:\/\/fractaljuegos.com\/en\/wp-json\/wp\/v2\/tipo_de_jugador?post=1034"}],"curies":[{"name":"wp","href":"https:\/\/api.w.org\/{rel}","templated":true}]}}