{"id":1028,"date":"2025-10-10T02:01:04","date_gmt":"2025-10-10T02:01:04","guid":{"rendered":"https:\/\/fractaljuegos.com\/?post_type=product&#038;p=1028"},"modified":"2025-12-02T00:48:56","modified_gmt":"2025-12-02T00:48:56","slug":"raids","status":"publish","type":"product","link":"https:\/\/fractaljuegos.com\/en\/juegos\/raids\/","title":{"rendered":"Raids"},"content":{"rendered":"<p>En Raids navegar\u00e1s de isla en isla para recolectar vikingos, armas y tesoros, luchando por los mejores espacios y matando horribles monstruos.<\/p>\n<p>Un juego altamente estrat\u00e9gico de cuatro rondas. Al comienzo de cada ronda se colocar\u00e1n fichas en los distintos lugares del camino. En un turno, mover\u00e1s tu barco a un lugar vac\u00edo en el camino para reclamar una de las fichas ubicadas all\u00ed o a un lugar ocupado para luchar por el bot\u00edn.<\/p>\n<p>\u00a1Quien tenga m\u00e1s puntos ganar\u00e1!<\/p>","protected":false},"excerpt":{"rendered":"<ul class=\"elementor-icon-list-items\">\n<li class=\"elementor-icon-list-item\">1 Tablero del Mundo<\/li>\n<li class=\"elementor-icon-list-item\">4 Tableros de Barco<\/li>\n<li class=\"elementor-icon-list-item\">4 Marcadores de Barco<\/li>\n<li class=\"elementor-icon-list-item\">75 Losetas de Viaje<\/li>\n<li class=\"elementor-icon-list-item\">20 Monedas met\u00e1licas<\/li>\n<li class=\"elementor-icon-list-item\">40 Figuras de Vikingos<\/li>\n<li class=\"elementor-icon-list-item\">1 Reglamento<\/li>\n<\/ul>","protected":false},"featured_media":1036,"comment_status":"open","ping_status":"closed","template":"","meta":{"_acf_changed":false},"product_brand":[],"product_cat":[32],"product_tag":[],"disponible-nodisponible":[],"cantidad_de_participantes":[64],"categorias-juegos":[46,42],"disponibilidad":[39],"mecanica":[104],"tamano_del_juego":[54],"tipo_de_jugador":[49],"class_list":{"0":"post-1028","1":"product","2":"type-product","3":"status-publish","4":"has-post-thumbnail","6":"product_cat-estrategicos","7":"cantidad_de_participantes-dos-participantes","8":"categorias-juegos-archivo","9":"categorias-juegos-localizaciones","10":"disponibilidad-no-disponible","11":"mecanica-coleccion-de-sets","12":"tamano_del_juego-de-mochila","13":"tipo_de_jugador-todo-publico","15":"first","16":"outofstock","17":"shipping-taxable","18":"purchasable","19":"product-type-simple"},"acf":[],"_links":{"self":[{"href":"https:\/\/fractaljuegos.com\/en\/wp-json\/wp\/v2\/product\/1028","targetHints":{"allow":["GET"]}}],"collection":[{"href":"https:\/\/fractaljuegos.com\/en\/wp-json\/wp\/v2\/product"}],"about":[{"href":"https:\/\/fractaljuegos.com\/en\/wp-json\/wp\/v2\/types\/product"}],"replies":[{"embeddable":true,"href":"https:\/\/fractaljuegos.com\/en\/wp-json\/wp\/v2\/comments?post=1028"}],"version-history":[{"count":5,"href":"https:\/\/fractaljuegos.com\/en\/wp-json\/wp\/v2\/product\/1028\/revisions"}],"predecessor-version":[{"id":3344,"href":"https:\/\/fractaljuegos.com\/en\/wp-json\/wp\/v2\/product\/1028\/revisions\/3344"}],"wp:featuredmedia":[{"embeddable":true,"href":"https:\/\/fractaljuegos.com\/en\/wp-json\/wp\/v2\/media\/1036"}],"wp:attachment":[{"href":"https:\/\/fractaljuegos.com\/en\/wp-json\/wp\/v2\/media?parent=1028"}],"wp:term":[{"taxonomy":"product_brand","embeddable":true,"href":"https:\/\/fractaljuegos.com\/en\/wp-json\/wp\/v2\/product_brand?post=1028"},{"taxonomy":"product_cat","embeddable":true,"href":"https:\/\/fractaljuegos.com\/en\/wp-json\/wp\/v2\/product_cat?post=1028"},{"taxonomy":"product_tag","embeddable":true,"href":"https:\/\/fractaljuegos.com\/en\/wp-json\/wp\/v2\/product_tag?post=1028"},{"taxonomy":"disponible-nodisponible","embeddable":true,"href":"https:\/\/fractaljuegos.com\/en\/wp-json\/wp\/v2\/disponible-nodisponible?post=1028"},{"taxonomy":"cantidad_de_participantes","embeddable":true,"href":"https:\/\/fractaljuegos.com\/en\/wp-json\/wp\/v2\/cantidad_de_participantes?post=1028"},{"taxonomy":"categorias-juegos","embeddable":true,"href":"https:\/\/fractaljuegos.com\/en\/wp-json\/wp\/v2\/categorias-juegos?post=1028"},{"taxonomy":"disponibilidad","embeddable":true,"href":"https:\/\/fractaljuegos.com\/en\/wp-json\/wp\/v2\/disponibilidad?post=1028"},{"taxonomy":"mecanica","embeddable":true,"href":"https:\/\/fractaljuegos.com\/en\/wp-json\/wp\/v2\/mecanica?post=1028"},{"taxonomy":"tamano_del_juego","embeddable":true,"href":"https:\/\/fractaljuegos.com\/en\/wp-json\/wp\/v2\/tamano_del_juego?post=1028"},{"taxonomy":"tipo_de_jugador","embeddable":true,"href":"https:\/\/fractaljuegos.com\/en\/wp-json\/wp\/v2\/tipo_de_jugador?post=1028"}],"curies":[{"name":"wp","href":"https:\/\/api.w.org\/{rel}","templated":true}]}}