{"id":1019,"date":"2025-10-10T01:48:43","date_gmt":"2025-10-10T01:48:43","guid":{"rendered":"https:\/\/fractaljuegos.com\/?post_type=product&#038;p=1019"},"modified":"2026-03-03T15:53:23","modified_gmt":"2026-03-03T15:53:23","slug":"planeta","status":"publish","type":"product","link":"https:\/\/fractaljuegos.com\/en\/juegos\/planeta\/","title":{"rendered":"Planeta"},"content":{"rendered":"<p>En Planeta har\u00e1s que un mundo cobre vida ante tus ojos. Haz crecer sus cordilleras y desiertos o expande sus bosques, oc\u00e9anos y glaciares posicionando estrat\u00e9gicamente sus continentes y formando ambientes propicios para que surja la vida animal.<\/p>\n<p>\u200b\u00a1Compite por tener el Planeta m\u00e1s poblado al final de la partida!<\/p>","protected":false},"excerpt":{"rendered":"<ul class=\"elementor-icon-list-items\">\n<li class=\"elementor-icon-list-item\">4 Planetas tridimensionales<\/li>\n<li class=\"elementor-icon-list-item\">50 Losetas de Continente<\/li>\n<li class=\"elementor-icon-list-item\">45 cartas de Animal<\/li>\n<li class=\"elementor-icon-list-item\">5 cartas de objetivo de Hab\u00edtat Natural<\/li>\n<li class=\"elementor-icon-list-item\">1 Marcador de Jugador Inicial<\/li>\n<li class=\"elementor-icon-list-item\">1 Reglamento<\/li>\n<\/ul>","protected":false},"featured_media":4371,"comment_status":"open","ping_status":"closed","template":"","meta":{"_acf_changed":false},"product_brand":[],"product_cat":[35,32],"product_tag":[],"disponible-nodisponible":[],"cantidad_de_participantes":[64],"categorias-juegos":[46,42],"disponibilidad":[39],"mecanica":[55,57],"tamano_del_juego":[54],"tipo_de_jugador":[49],"class_list":{"0":"post-1019","1":"product","2":"type-product","3":"status-publish","4":"has-post-thumbnail","6":"product_cat-abstractos","7":"product_cat-estrategicos","8":"cantidad_de_participantes-dos-participantes","9":"categorias-juegos-archivo","10":"categorias-juegos-localizaciones","11":"disponibilidad-no-disponible","12":"mecanica-colocacion-de-losetas","13":"mecanica-drafting","14":"tamano_del_juego-de-mochila","15":"tipo_de_jugador-todo-publico","17":"first","18":"outofstock","19":"shipping-taxable","20":"purchasable","21":"product-type-simple"},"acf":[],"_links":{"self":[{"href":"https:\/\/fractaljuegos.com\/en\/wp-json\/wp\/v2\/product\/1019","targetHints":{"allow":["GET"]}}],"collection":[{"href":"https:\/\/fractaljuegos.com\/en\/wp-json\/wp\/v2\/product"}],"about":[{"href":"https:\/\/fractaljuegos.com\/en\/wp-json\/wp\/v2\/types\/product"}],"replies":[{"embeddable":true,"href":"https:\/\/fractaljuegos.com\/en\/wp-json\/wp\/v2\/comments?post=1019"}],"version-history":[{"count":3,"href":"https:\/\/fractaljuegos.com\/en\/wp-json\/wp\/v2\/product\/1019\/revisions"}],"predecessor-version":[{"id":2971,"href":"https:\/\/fractaljuegos.com\/en\/wp-json\/wp\/v2\/product\/1019\/revisions\/2971"}],"wp:featuredmedia":[{"embeddable":true,"href":"https:\/\/fractaljuegos.com\/en\/wp-json\/wp\/v2\/media\/4371"}],"wp:attachment":[{"href":"https:\/\/fractaljuegos.com\/en\/wp-json\/wp\/v2\/media?parent=1019"}],"wp:term":[{"taxonomy":"product_brand","embeddable":true,"href":"https:\/\/fractaljuegos.com\/en\/wp-json\/wp\/v2\/product_brand?post=1019"},{"taxonomy":"product_cat","embeddable":true,"href":"https:\/\/fractaljuegos.com\/en\/wp-json\/wp\/v2\/product_cat?post=1019"},{"taxonomy":"product_tag","embeddable":true,"href":"https:\/\/fractaljuegos.com\/en\/wp-json\/wp\/v2\/product_tag?post=1019"},{"taxonomy":"disponible-nodisponible","embeddable":true,"href":"https:\/\/fractaljuegos.com\/en\/wp-json\/wp\/v2\/disponible-nodisponible?post=1019"},{"taxonomy":"cantidad_de_participantes","embeddable":true,"href":"https:\/\/fractaljuegos.com\/en\/wp-json\/wp\/v2\/cantidad_de_participantes?post=1019"},{"taxonomy":"categorias-juegos","embeddable":true,"href":"https:\/\/fractaljuegos.com\/en\/wp-json\/wp\/v2\/categorias-juegos?post=1019"},{"taxonomy":"disponibilidad","embeddable":true,"href":"https:\/\/fractaljuegos.com\/en\/wp-json\/wp\/v2\/disponibilidad?post=1019"},{"taxonomy":"mecanica","embeddable":true,"href":"https:\/\/fractaljuegos.com\/en\/wp-json\/wp\/v2\/mecanica?post=1019"},{"taxonomy":"tamano_del_juego","embeddable":true,"href":"https:\/\/fractaljuegos.com\/en\/wp-json\/wp\/v2\/tamano_del_juego?post=1019"},{"taxonomy":"tipo_de_jugador","embeddable":true,"href":"https:\/\/fractaljuegos.com\/en\/wp-json\/wp\/v2\/tipo_de_jugador?post=1019"}],"curies":[{"name":"wp","href":"https:\/\/api.w.org\/{rel}","templated":true}]}}