{"id":1011,"date":"2025-10-10T01:44:46","date_gmt":"2025-10-10T01:44:46","guid":{"rendered":"https:\/\/fractaljuegos.com\/?post_type=product&#038;p=1011"},"modified":"2025-12-02T01:01:01","modified_gmt":"2025-12-02T01:01:01","slug":"escape-tales-el-despertar","status":"publish","type":"product","link":"https:\/\/fractaljuegos.com\/en\/juegos\/escape-tales-el-despertar\/","title":{"rendered":"Escape Tales: El Despertar"},"content":{"rendered":"<p>Escape Tales: El Despertar es un juego de cartas de estilo escape room en el que no te ver\u00e1s limitado por el tiempo. El juego gira en torno a una narraci\u00f3n que ir\u00e1s descubriendo a medida que avanza la partida: resuelve puzles, toma las decisiones adecuadas y vive una historia inolvidable.<\/p>\n<p>Tomar\u00e1s el papel de Samuel, cuya hija lleva dos meses en coma sin explicaci\u00f3n. Buscando respuestas conoce a Mark, un hombre cuyo hijo estuvo una vez en una situaci\u00f3n similar. Mark no aporta muchos detalles, pero le da a Samuel un libro de aspecto inquietante que describe un ritual llamado \u00abEl Despertar\u00bb. Mark le promete que all\u00ed encontrar\u00e1 la respuesta, pero tambi\u00e9n le advierte de que tendr\u00e1 que prepararse para el viaje que le espera&#8230;<\/p>","protected":false},"excerpt":{"rendered":"<ul class=\"elementor-icon-list-items\">\n<li class=\"elementor-icon-list-item\">122 Cartas de juego<\/li>\n<li class=\"elementor-icon-list-item\">9 Cartas de desdicha<\/li>\n<li class=\"elementor-icon-list-item\">18 Cartas de localizaci\u00f3n<\/li>\n<li class=\"elementor-icon-list-item\">Libro del narrador<\/li>\n<li class=\"elementor-icon-list-item\">Tablero de juego<\/li>\n<li class=\"elementor-icon-list-item\">18 Fichas de acci\u00f3n<\/li>\n<li class=\"elementor-icon-list-item\">App (todas las plataformas)<\/li>\n<li class=\"elementor-icon-list-item\">1 reglamento<\/li>\n<\/ul>","protected":false},"featured_media":1012,"comment_status":"open","ping_status":"closed","template":"","meta":{"_acf_changed":false},"product_brand":[],"product_cat":[34,33],"product_tag":[],"disponible-nodisponible":[],"cantidad_de_participantes":[64,63],"categorias-juegos":[46,42],"disponibilidad":[39],"mecanica":[107],"tamano_del_juego":[53],"tipo_de_jugador":[49],"class_list":{"0":"post-1011","1":"product","2":"type-product","3":"status-publish","4":"has-post-thumbnail","6":"product_cat-cooperativos","7":"product_cat-escape-rooms","8":"cantidad_de_participantes-dos-participantes","9":"cantidad_de_participantes-solitario","10":"categorias-juegos-archivo","11":"categorias-juegos-localizaciones","12":"disponibilidad-no-disponible","13":"mecanica-escape-room","14":"tamano_del_juego-de-morral","15":"tipo_de_jugador-todo-publico","17":"first","18":"outofstock","19":"shipping-taxable","20":"purchasable","21":"product-type-simple"},"acf":[],"_links":{"self":[{"href":"https:\/\/fractaljuegos.com\/en\/wp-json\/wp\/v2\/product\/1011","targetHints":{"allow":["GET"]}}],"collection":[{"href":"https:\/\/fractaljuegos.com\/en\/wp-json\/wp\/v2\/product"}],"about":[{"href":"https:\/\/fractaljuegos.com\/en\/wp-json\/wp\/v2\/types\/product"}],"replies":[{"embeddable":true,"href":"https:\/\/fractaljuegos.com\/en\/wp-json\/wp\/v2\/comments?post=1011"}],"version-history":[{"count":5,"href":"https:\/\/fractaljuegos.com\/en\/wp-json\/wp\/v2\/product\/1011\/revisions"}],"predecessor-version":[{"id":3359,"href":"https:\/\/fractaljuegos.com\/en\/wp-json\/wp\/v2\/product\/1011\/revisions\/3359"}],"wp:featuredmedia":[{"embeddable":true,"href":"https:\/\/fractaljuegos.com\/en\/wp-json\/wp\/v2\/media\/1012"}],"wp:attachment":[{"href":"https:\/\/fractaljuegos.com\/en\/wp-json\/wp\/v2\/media?parent=1011"}],"wp:term":[{"taxonomy":"product_brand","embeddable":true,"href":"https:\/\/fractaljuegos.com\/en\/wp-json\/wp\/v2\/product_brand?post=1011"},{"taxonomy":"product_cat","embeddable":true,"href":"https:\/\/fractaljuegos.com\/en\/wp-json\/wp\/v2\/product_cat?post=1011"},{"taxonomy":"product_tag","embeddable":true,"href":"https:\/\/fractaljuegos.com\/en\/wp-json\/wp\/v2\/product_tag?post=1011"},{"taxonomy":"disponible-nodisponible","embeddable":true,"href":"https:\/\/fractaljuegos.com\/en\/wp-json\/wp\/v2\/disponible-nodisponible?post=1011"},{"taxonomy":"cantidad_de_participantes","embeddable":true,"href":"https:\/\/fractaljuegos.com\/en\/wp-json\/wp\/v2\/cantidad_de_participantes?post=1011"},{"taxonomy":"categorias-juegos","embeddable":true,"href":"https:\/\/fractaljuegos.com\/en\/wp-json\/wp\/v2\/categorias-juegos?post=1011"},{"taxonomy":"disponibilidad","embeddable":true,"href":"https:\/\/fractaljuegos.com\/en\/wp-json\/wp\/v2\/disponibilidad?post=1011"},{"taxonomy":"mecanica","embeddable":true,"href":"https:\/\/fractaljuegos.com\/en\/wp-json\/wp\/v2\/mecanica?post=1011"},{"taxonomy":"tamano_del_juego","embeddable":true,"href":"https:\/\/fractaljuegos.com\/en\/wp-json\/wp\/v2\/tamano_del_juego?post=1011"},{"taxonomy":"tipo_de_jugador","embeddable":true,"href":"https:\/\/fractaljuegos.com\/en\/wp-json\/wp\/v2\/tipo_de_jugador?post=1011"}],"curies":[{"name":"wp","href":"https:\/\/api.w.org\/{rel}","templated":true}]}}