{"id":1009,"date":"2025-10-10T01:42:57","date_gmt":"2025-10-10T01:42:57","guid":{"rendered":"https:\/\/fractaljuegos.com\/?post_type=product&#038;p=1009"},"modified":"2025-12-02T01:04:18","modified_gmt":"2025-12-02T01:04:18","slug":"escape-tales-sin-memoria","status":"publish","type":"product","link":"https:\/\/fractaljuegos.com\/en\/juegos\/escape-tales-sin-memoria\/","title":{"rendered":"Escape Tales: Sin Memoria"},"content":{"rendered":"<p>Escape Tales: Sin Memoria es un juego de cartas de estilo escape room que ofrece una profunda experiencia narrativa sin l\u00edmites de tiempo para resolver los puzles. Ad\u00e9ntrate en una aventura que exigir\u00e1 tomar duras decisiones y te empujar\u00e1 a vivir una fascinante historia en un futuro de atm\u00f3sfera ciberpunk.<\/p>\n<p>Sin Memoria es el nuevo t\u00edtulo de la l\u00ednea Escape Tales, una historia independiente que se puede disfrutar sin estar familiarizado con Escape Tales: El Despertar. En esta caja encontrar\u00e1s todo lo que necesitas para deleitarte con una experiencia \u00fanica, amena, narrativa y cargada de desaf\u00edos.<\/p>\n<p>Transcurre el a\u00f1o 2060. Elizabeth se despide de su marido. Se van de vacaciones, pero antes tiene que terminar un proyecto en el que est\u00e1 trabajando; le promete a su esposo reunirse con \u00e9l m\u00e1s tarde. Ve c\u00f3mo su coche aut\u00f3nomo enfila hacia la salida y poco despu\u00e9s se centra completamente en el trabajo. Parece otro d\u00eda normal y corriente&#8230; O eso es lo que Elizabeth piensa. A la ma\u00f1ana siguiente se despierta en el sof\u00e1. Tiene un dolor de cabeza horrible y la casa est\u00e1 patas arriba, como si alguien hubiera irrumpido de golpe en ella. A pesar de intentarlo con fuerza, es incapaz de recordar nada de lo que ha pasado. Elizabeth decide usar el esc\u00e1ner de recuperaci\u00f3n de recuerdos. \u00a1Es la herramienta perfecta! Sin embargo, todo avance tecnol\u00f3gico tiene su precio.<\/p>\n<p>\u200bEn Escape Tales: Sin Memoria, los jugadores se adentrar\u00e1n en la historia de tres personajes para ir descubriendo, paso a paso, la trama que los conecta. Prep\u00e1rate para vivir tres historias absorbentes mezcladas con unas inesperadas vueltas de tuerca.<\/p>\n<p>\u200b\u00a1Escape Tales: Sin Memoria oculta un gran n\u00famero de sorpresas!<\/p>","protected":false},"excerpt":{"rendered":"<ul class=\"elementor-icon-list-items\">\n<li class=\"elementor-icon-list-item\">148\u00a0Cartas de juego<\/li>\n<li class=\"elementor-icon-list-item\">14 Cartas de estr\u00e9s<\/li>\n<li class=\"elementor-icon-list-item\">19\u00a0Cartas de localizaci\u00f3n<\/li>\n<li class=\"elementor-icon-list-item\">3 Libros del narrador<\/li>\n<li class=\"elementor-icon-list-item\">1 Tablero de juego<\/li>\n<li class=\"elementor-icon-list-item\">24 Fichas de acci\u00f3n<\/li>\n<li class=\"elementor-icon-list-item\">4 fichas de progreso<\/li>\n<li class=\"elementor-icon-list-item\">App (todas las plataformas)<\/li>\n<li class=\"elementor-icon-list-item\">1 reglamento<\/li>\n<\/ul>","protected":false},"featured_media":1004,"comment_status":"open","ping_status":"closed","template":"","meta":{"_acf_changed":false},"product_brand":[],"product_cat":[34,33],"product_tag":[],"disponible-nodisponible":[],"cantidad_de_participantes":[64,63],"categorias-juegos":[46,42],"disponibilidad":[39],"mecanica":[107],"tamano_del_juego":[53],"tipo_de_jugador":[49],"class_list":{"0":"post-1009","1":"product","2":"type-product","3":"status-publish","4":"has-post-thumbnail","6":"product_cat-cooperativos","7":"product_cat-escape-rooms","8":"cantidad_de_participantes-dos-participantes","9":"cantidad_de_participantes-solitario","10":"categorias-juegos-archivo","11":"categorias-juegos-localizaciones","12":"disponibilidad-no-disponible","13":"mecanica-escape-room","14":"tamano_del_juego-de-morral","15":"tipo_de_jugador-todo-publico","17":"first","18":"outofstock","19":"shipping-taxable","20":"purchasable","21":"product-type-simple"},"acf":[],"_links":{"self":[{"href":"https:\/\/fractaljuegos.com\/en\/wp-json\/wp\/v2\/product\/1009","targetHints":{"allow":["GET"]}}],"collection":[{"href":"https:\/\/fractaljuegos.com\/en\/wp-json\/wp\/v2\/product"}],"about":[{"href":"https:\/\/fractaljuegos.com\/en\/wp-json\/wp\/v2\/types\/product"}],"replies":[{"embeddable":true,"href":"https:\/\/fractaljuegos.com\/en\/wp-json\/wp\/v2\/comments?post=1009"}],"version-history":[{"count":4,"href":"https:\/\/fractaljuegos.com\/en\/wp-json\/wp\/v2\/product\/1009\/revisions"}],"predecessor-version":[{"id":3363,"href":"https:\/\/fractaljuegos.com\/en\/wp-json\/wp\/v2\/product\/1009\/revisions\/3363"}],"wp:featuredmedia":[{"embeddable":true,"href":"https:\/\/fractaljuegos.com\/en\/wp-json\/wp\/v2\/media\/1004"}],"wp:attachment":[{"href":"https:\/\/fractaljuegos.com\/en\/wp-json\/wp\/v2\/media?parent=1009"}],"wp:term":[{"taxonomy":"product_brand","embeddable":true,"href":"https:\/\/fractaljuegos.com\/en\/wp-json\/wp\/v2\/product_brand?post=1009"},{"taxonomy":"product_cat","embeddable":true,"href":"https:\/\/fractaljuegos.com\/en\/wp-json\/wp\/v2\/product_cat?post=1009"},{"taxonomy":"product_tag","embeddable":true,"href":"https:\/\/fractaljuegos.com\/en\/wp-json\/wp\/v2\/product_tag?post=1009"},{"taxonomy":"disponible-nodisponible","embeddable":true,"href":"https:\/\/fractaljuegos.com\/en\/wp-json\/wp\/v2\/disponible-nodisponible?post=1009"},{"taxonomy":"cantidad_de_participantes","embeddable":true,"href":"https:\/\/fractaljuegos.com\/en\/wp-json\/wp\/v2\/cantidad_de_participantes?post=1009"},{"taxonomy":"categorias-juegos","embeddable":true,"href":"https:\/\/fractaljuegos.com\/en\/wp-json\/wp\/v2\/categorias-juegos?post=1009"},{"taxonomy":"disponibilidad","embeddable":true,"href":"https:\/\/fractaljuegos.com\/en\/wp-json\/wp\/v2\/disponibilidad?post=1009"},{"taxonomy":"mecanica","embeddable":true,"href":"https:\/\/fractaljuegos.com\/en\/wp-json\/wp\/v2\/mecanica?post=1009"},{"taxonomy":"tamano_del_juego","embeddable":true,"href":"https:\/\/fractaljuegos.com\/en\/wp-json\/wp\/v2\/tamano_del_juego?post=1009"},{"taxonomy":"tipo_de_jugador","embeddable":true,"href":"https:\/\/fractaljuegos.com\/en\/wp-json\/wp\/v2\/tipo_de_jugador?post=1009"}],"curies":[{"name":"wp","href":"https:\/\/api.w.org\/{rel}","templated":true}]}}