{"id":1000,"date":"2025-10-10T01:41:18","date_gmt":"2025-10-10T01:41:18","guid":{"rendered":"https:\/\/fractaljuegos.com\/?post_type=product&#038;p=1000"},"modified":"2025-12-02T01:07:37","modified_gmt":"2025-12-02T01:07:37","slug":"quien-fue","status":"publish","type":"product","link":"https:\/\/fractaljuegos.com\/en\/juegos\/quien-fue\/","title":{"rendered":"\u00bfQui\u00e9n Fue?"},"content":{"rendered":"<p>\u201c\u00a1Mi loro NO fue qui\u00e9n se cag\u00f3 en medio del comedor, pero creo que fue el conejo!\u201d<\/p>\n<p>Has sido muy feliz cuidando a tu adorable conejito, por lo que debes despejar r\u00e1pidamente las dudas sobre \u00e9l y dirigir las sospechas hacia la mascota de otra persona.<\/p>\n<p>Para conseguirlo deber\u00e1s confiar en tu memoria y tu rapidez de reacci\u00f3n. Si no, podr\u00edas acabar acusando a<br \/>\nuna mascota inocente y teniendo t\u00fa que limpiar todo el desastre.<\/p>\n<p>Recomendado al juego del a\u00f1o 2019, y en nueva edici\u00f3n.<\/p>","protected":false},"excerpt":{"rendered":"<ul class=\"elementor-icon-list-items\">\n<li class=\"elementor-icon-list-item\">36 cartas<\/li>\n<li class=\"elementor-icon-list-item\">13 fichas de caca<\/li>\n<li class=\"elementor-icon-list-item\">Libro de Reglas<\/li>\n<\/ul>","protected":false},"featured_media":3364,"comment_status":"open","ping_status":"closed","template":"","meta":{"_acf_changed":false},"product_brand":[],"product_cat":[30,29,27],"product_tag":[],"disponible-nodisponible":[],"cantidad_de_participantes":[65],"categorias-juegos":[42],"disponibilidad":[38],"mecanica":[98],"tamano_del_juego":[51],"tipo_de_jugador":[48,49],"class_list":{"0":"post-1000","1":"product","2":"type-product","3":"status-publish","4":"has-post-thumbnail","6":"product_cat-fillers","7":"product_cat-infantiles","8":"product_cat-party-games","9":"cantidad_de_participantes-grupos-grandes","10":"categorias-juegos-localizaciones","11":"disponibilidad-disponible","12":"mecanica-memoria","13":"tamano_del_juego-de-bolsillo","14":"tipo_de_jugador-nino-a","15":"tipo_de_jugador-todo-publico","17":"first","18":"outofstock","19":"shipping-taxable","20":"purchasable","21":"product-type-simple"},"acf":[],"_links":{"self":[{"href":"https:\/\/fractaljuegos.com\/en\/wp-json\/wp\/v2\/product\/1000","targetHints":{"allow":["GET"]}}],"collection":[{"href":"https:\/\/fractaljuegos.com\/en\/wp-json\/wp\/v2\/product"}],"about":[{"href":"https:\/\/fractaljuegos.com\/en\/wp-json\/wp\/v2\/types\/product"}],"replies":[{"embeddable":true,"href":"https:\/\/fractaljuegos.com\/en\/wp-json\/wp\/v2\/comments?post=1000"}],"version-history":[{"count":5,"href":"https:\/\/fractaljuegos.com\/en\/wp-json\/wp\/v2\/product\/1000\/revisions"}],"predecessor-version":[{"id":3369,"href":"https:\/\/fractaljuegos.com\/en\/wp-json\/wp\/v2\/product\/1000\/revisions\/3369"}],"wp:featuredmedia":[{"embeddable":true,"href":"https:\/\/fractaljuegos.com\/en\/wp-json\/wp\/v2\/media\/3364"}],"wp:attachment":[{"href":"https:\/\/fractaljuegos.com\/en\/wp-json\/wp\/v2\/media?parent=1000"}],"wp:term":[{"taxonomy":"product_brand","embeddable":true,"href":"https:\/\/fractaljuegos.com\/en\/wp-json\/wp\/v2\/product_brand?post=1000"},{"taxonomy":"product_cat","embeddable":true,"href":"https:\/\/fractaljuegos.com\/en\/wp-json\/wp\/v2\/product_cat?post=1000"},{"taxonomy":"product_tag","embeddable":true,"href":"https:\/\/fractaljuegos.com\/en\/wp-json\/wp\/v2\/product_tag?post=1000"},{"taxonomy":"disponible-nodisponible","embeddable":true,"href":"https:\/\/fractaljuegos.com\/en\/wp-json\/wp\/v2\/disponible-nodisponible?post=1000"},{"taxonomy":"cantidad_de_participantes","embeddable":true,"href":"https:\/\/fractaljuegos.com\/en\/wp-json\/wp\/v2\/cantidad_de_participantes?post=1000"},{"taxonomy":"categorias-juegos","embeddable":true,"href":"https:\/\/fractaljuegos.com\/en\/wp-json\/wp\/v2\/categorias-juegos?post=1000"},{"taxonomy":"disponibilidad","embeddable":true,"href":"https:\/\/fractaljuegos.com\/en\/wp-json\/wp\/v2\/disponibilidad?post=1000"},{"taxonomy":"mecanica","embeddable":true,"href":"https:\/\/fractaljuegos.com\/en\/wp-json\/wp\/v2\/mecanica?post=1000"},{"taxonomy":"tamano_del_juego","embeddable":true,"href":"https:\/\/fractaljuegos.com\/en\/wp-json\/wp\/v2\/tamano_del_juego?post=1000"},{"taxonomy":"tipo_de_jugador","embeddable":true,"href":"https:\/\/fractaljuegos.com\/en\/wp-json\/wp\/v2\/tipo_de_jugador?post=1000"}],"curies":[{"name":"wp","href":"https:\/\/api.w.org\/{rel}","templated":true}]}}